{"id":9796,"date":"2024-12-18T03:49:19","date_gmt":"2024-12-18T03:49:19","guid":{"rendered":"http:\/\/40.117.174.162\/?page_id=9796"},"modified":"2025-08-26T23:37:56","modified_gmt":"2025-08-26T23:37:56","slug":"empoderamiento-de-los-pueblos-indigenas-a-traves-de-habilidades-digitales","status":"publish","type":"page","link":"https:\/\/trust-oea.org\/pt\/empoderamiento-de-los-pueblos-indigenas-a-traves-de-habilidades-digitales\/","title":{"rendered":"Empoderamento dos Povos Ind\u00edgenas por meio de Habilidades Digitais"},"content":{"rendered":"<div data-elementor-type=\"wp-page\" data-elementor-id=\"9796\" class=\"elementor elementor-9796\">\n\t\t\t\t<div class=\"elementor-element elementor-element-cd79ebc e-con-full e-flex wpr-particle-no wpr-jarallax-no wpr-parallax-no wpr-sticky-section-no e-con e-parent\" data-id=\"cd79ebc\" data-element_type=\"container\">\n\t\t<div class=\"elementor-element elementor-element-9e4f30e e-con-full e-flex wpr-particle-no wpr-jarallax-no wpr-parallax-no wpr-sticky-section-no e-con e-child\" data-id=\"9e4f30e\" data-element_type=\"container\" data-settings=\"{&quot;background_background&quot;:&quot;classic&quot;}\">\n\t\t\t\t<div class=\"elementor-element elementor-element-f7aefac elementor-invisible elementor-widget elementor-widget-heading\" data-id=\"f7aefac\" data-element_type=\"widget\" data-settings=\"{&quot;_animation&quot;:&quot;fadeInDown&quot;}\" data-widget_type=\"heading.default\">\n\t\t\t\t<div class=\"elementor-widget-container\">\n\t\t\t\t\t<h3 class=\"elementor-heading-title elementor-size-default\">Empoderamento dos Povos Ind\u00edgenas por meio de Habilidades Digitais<\/h3>\t\t\t\t<\/div>\n\t\t\t\t<\/div>\n\t\t\t\t<div class=\"elementor-element elementor-element-f4fec53 elementor-invisible elementor-widget elementor-widget-text-editor\" data-id=\"f4fec53\" data-element_type=\"widget\" data-settings=\"{&quot;_animation&quot;:&quot;fadeInUp&quot;}\" data-widget_type=\"text-editor.default\">\n\t\t\t\t<div class=\"elementor-widget-container\">\n\t\t\t\t\t\t\t\t\t<p>O projeto Empoderamento dos Povos Ind\u00edgenas por meio de Habilidades Digitais capacitou mulheres, meninas, pessoas transg\u00eanero e de g\u00eaneros diversos de comunidades ind\u00edgenas no Canad\u00e1, fortalecendo suas habilidades digitais e socioemocionais. Implementado entre agosto de 2023 e agosto de 2024, o projeto \u2014 apoiado pela Microsoft Filantropias \u2014 buscou ampliar a representatividade ind\u00edgena na economia digital, promovendo inclus\u00e3o e valoriza\u00e7\u00e3o cultural no setor tecnol\u00f3gico.<\/p>\t\t\t\t\t\t\t\t<\/div>\n\t\t\t\t<\/div>\n\t\t\t\t<\/div>\n\t\t\t\t<\/div>\n\t\t<div class=\"elementor-element elementor-element-9f1e279 e-flex e-con-boxed wpr-particle-no wpr-jarallax-no wpr-parallax-no wpr-sticky-section-no e-con e-parent\" data-id=\"9f1e279\" data-element_type=\"container\">\n\t\t\t\t\t<div class=\"e-con-inner\">\n\t\t<div class=\"elementor-element elementor-element-19694d4 e-con-full e-flex wpr-particle-no wpr-jarallax-no wpr-parallax-no wpr-sticky-section-no e-con e-child\" data-id=\"19694d4\" data-element_type=\"container\">\n\t\t\t\t<div class=\"elementor-element elementor-element-49144ea elementor-widget elementor-widget-heading\" data-id=\"49144ea\" data-element_type=\"widget\" data-widget_type=\"heading.default\">\n\t\t\t\t<div class=\"elementor-widget-container\">\n\t\t\t\t\t<h4 class=\"elementor-heading-title elementor-size-default\">localiza\u00e7\u00e3o  <h4 style=\"color: #A39A9A\">Canad\u00e1<\/h4><\/h4>\t\t\t\t<\/div>\n\t\t\t\t<\/div>\n\t\t\t\t<\/div>\n\t\t<div class=\"elementor-element elementor-element-8b93238 e-con-full e-flex wpr-particle-no wpr-jarallax-no wpr-parallax-no wpr-sticky-section-no e-con e-child\" data-id=\"8b93238\" data-element_type=\"container\">\n\t\t\t\t<div class=\"elementor-element elementor-element-e8ee943 elementor-widget elementor-widget-heading\" data-id=\"e8ee943\" data-element_type=\"widget\" data-widget_type=\"heading.default\">\n\t\t\t\t<div class=\"elementor-widget-container\">\n\t\t\t\t\t<h4 class=\"elementor-heading-title elementor-size-default\">Status: <h4 style=\"color: #A39A9A\"> Projeto conclu\u00eddo<\/h4><\/h4>\t\t\t\t<\/div>\n\t\t\t\t<\/div>\n\t\t\t\t<\/div>\n\t\t\t\t\t<\/div>\n\t\t\t\t<\/div>\n\t\t<div class=\"elementor-element elementor-element-2ce6c4b e-flex e-con-boxed wpr-particle-no wpr-jarallax-no wpr-parallax-no wpr-sticky-section-no e-con e-parent\" data-id=\"2ce6c4b\" data-element_type=\"container\" data-settings=\"{&quot;background_background&quot;:&quot;classic&quot;}\">\n\t\t\t\t\t<div class=\"e-con-inner\">\n\t\t\t\t<div class=\"elementor-element elementor-element-6edf7b4 elementor-widget elementor-widget-heading\" data-id=\"6edf7b4\" data-element_type=\"widget\" data-widget_type=\"heading.default\">\n\t\t\t\t<div class=\"elementor-widget-container\">\n\t\t\t\t\t<h2 class=\"elementor-heading-title elementor-size-default\">Parceiros estrat\u00e9gicos<\/h2>\t\t\t\t<\/div>\n\t\t\t\t<\/div>\n\t\t<div class=\"elementor-element elementor-element-601f854 e-con-full e-flex wpr-particle-no wpr-jarallax-no wpr-parallax-no wpr-sticky-section-no e-con e-child\" data-id=\"601f854\" data-element_type=\"container\" data-settings=\"{&quot;background_background&quot;:&quot;classic&quot;}\">\n\t\t<div class=\"elementor-element elementor-element-64e3b6c e-con-full e-flex wpr-particle-no wpr-jarallax-no wpr-parallax-no wpr-sticky-section-no e-con e-child\" data-id=\"64e3b6c\" data-element_type=\"container\" data-settings=\"{&quot;background_background&quot;:&quot;classic&quot;}\">\n\t\t\t\t<div class=\"elementor-element elementor-element-ae75446 elementor-widget elementor-widget-image\" data-id=\"ae75446\" data-element_type=\"widget\" data-widget_type=\"image.default\">\n\t\t\t\t<div class=\"elementor-widget-container\">\n\t\t\t\t\t\t\t\t\t\t\t\t\t\t\t<img decoding=\"async\" width=\"228\" height=\"130\" src=\"https:\/\/trust-oea.org\/wp-content\/uploads\/2024\/12\/27.png\" class=\"attachment-large size-large wp-image-9340\" alt=\"\" srcset=\"https:\/\/trust-oea.org\/wp-content\/uploads\/2024\/12\/27.png 228w, https:\/\/trust-oea.org\/wp-content\/uploads\/2024\/12\/27-18x10.png 18w\" sizes=\"(max-width: 228px) 100vw, 228px\" \/>\t\t\t\t\t\t\t\t\t\t\t\t\t\t\t<\/div>\n\t\t\t\t<\/div>\n\t\t\t\t<\/div>\n\t\t<div class=\"elementor-element elementor-element-d1217a3 e-con-full e-flex wpr-particle-no wpr-jarallax-no wpr-parallax-no wpr-sticky-section-no e-con e-child\" data-id=\"d1217a3\" data-element_type=\"container\" data-settings=\"{&quot;background_background&quot;:&quot;classic&quot;}\">\n\t\t\t\t<div class=\"elementor-element elementor-element-c5c7f37 elementor-widget elementor-widget-image\" data-id=\"c5c7f37\" data-element_type=\"widget\" data-widget_type=\"image.default\">\n\t\t\t\t<div class=\"elementor-widget-container\">\n\t\t\t\t\t\t\t\t\t\t\t\t\t\t\t<img decoding=\"async\" width=\"228\" height=\"130\" src=\"https:\/\/trust-oea.org\/wp-content\/uploads\/2024\/12\/60.png\" class=\"attachment-large size-large wp-image-9801\" alt=\"\" srcset=\"https:\/\/trust-oea.org\/wp-content\/uploads\/2024\/12\/60.png 228w, https:\/\/trust-oea.org\/wp-content\/uploads\/2024\/12\/60-18x10.png 18w\" sizes=\"(max-width: 228px) 100vw, 228px\" \/>\t\t\t\t\t\t\t\t\t\t\t\t\t\t\t<\/div>\n\t\t\t\t<\/div>\n\t\t\t\t<\/div>\n\t\t<div class=\"elementor-element elementor-element-09d0223 e-con-full e-flex wpr-particle-no wpr-jarallax-no wpr-parallax-no wpr-sticky-section-no e-con e-child\" data-id=\"09d0223\" data-element_type=\"container\" data-settings=\"{&quot;background_background&quot;:&quot;classic&quot;}\">\n\t\t\t\t<div class=\"elementor-element elementor-element-5369b13 elementor-widget elementor-widget-image\" data-id=\"5369b13\" data-element_type=\"widget\" data-widget_type=\"image.default\">\n\t\t\t\t<div class=\"elementor-widget-container\">\n\t\t\t\t\t\t\t\t\t\t\t\t\t\t\t<img decoding=\"async\" width=\"228\" height=\"130\" src=\"https:\/\/trust-oea.org\/wp-content\/uploads\/2024\/12\/32.png\" class=\"attachment-large size-large wp-image-9799\" alt=\"\" srcset=\"https:\/\/trust-oea.org\/wp-content\/uploads\/2024\/12\/32.png 228w, https:\/\/trust-oea.org\/wp-content\/uploads\/2024\/12\/32-18x10.png 18w\" sizes=\"(max-width: 228px) 100vw, 228px\" \/>\t\t\t\t\t\t\t\t\t\t\t\t\t\t\t<\/div>\n\t\t\t\t<\/div>\n\t\t\t\t<\/div>\n\t\t<div class=\"elementor-element elementor-element-5c9afc0 e-con-full e-flex wpr-particle-no wpr-jarallax-no wpr-parallax-no wpr-sticky-section-no e-con e-child\" data-id=\"5c9afc0\" data-element_type=\"container\" data-settings=\"{&quot;background_background&quot;:&quot;classic&quot;}\">\n\t\t\t\t<div class=\"elementor-element elementor-element-3a65666 elementor-widget elementor-widget-image\" data-id=\"3a65666\" data-element_type=\"widget\" data-widget_type=\"image.default\">\n\t\t\t\t<div class=\"elementor-widget-container\">\n\t\t\t\t\t\t\t\t\t\t\t\t\t\t\t<img loading=\"lazy\" decoding=\"async\" width=\"228\" height=\"130\" src=\"https:\/\/trust-oea.org\/wp-content\/uploads\/2024\/11\/12-2.png\" class=\"attachment-large size-large wp-image-7760\" alt=\"\" srcset=\"https:\/\/trust-oea.org\/wp-content\/uploads\/2024\/11\/12-2.png 228w, https:\/\/trust-oea.org\/wp-content\/uploads\/2024\/11\/12-2-18x10.png 18w\" sizes=\"(max-width: 228px) 100vw, 228px\" \/>\t\t\t\t\t\t\t\t\t\t\t\t\t\t\t<\/div>\n\t\t\t\t<\/div>\n\t\t\t\t<\/div>\n\t\t<div class=\"elementor-element elementor-element-345ceea e-con-full elementor-hidden-tablet elementor-hidden-mobile e-flex wpr-particle-no wpr-jarallax-no wpr-parallax-no wpr-sticky-section-no e-con e-child\" data-id=\"345ceea\" data-element_type=\"container\" data-settings=\"{&quot;background_background&quot;:&quot;classic&quot;}\">\n\t\t\t\t<\/div>\n\t\t\t\t<\/div>\n\t\t\t\t\t<\/div>\n\t\t\t\t<\/div>\n\t\t<div class=\"elementor-element elementor-element-44ced25 e-flex e-con-boxed wpr-particle-no wpr-jarallax-no wpr-parallax-no wpr-sticky-section-no e-con e-parent\" data-id=\"44ced25\" data-element_type=\"container\">\n\t\t\t\t\t<div class=\"e-con-inner\">\n\t\t\t\t<div class=\"elementor-element elementor-element-cf4084e elementor-widget elementor-widget-heading\" data-id=\"cf4084e\" data-element_type=\"widget\" data-widget_type=\"heading.default\">\n\t\t\t\t<div class=\"elementor-widget-container\">\n\t\t\t\t\t<h2 class=\"elementor-heading-title elementor-size-default\">SDGs<\/h2>\t\t\t\t<\/div>\n\t\t\t\t<\/div>\n\t\t\t\t\t<\/div>\n\t\t\t\t<\/div>\n\t\t<div class=\"elementor-element elementor-element-eb0986f e-flex e-con-boxed wpr-particle-no wpr-jarallax-no wpr-parallax-no wpr-sticky-section-no e-con e-parent\" data-id=\"eb0986f\" data-element_type=\"container\">\n\t\t\t\t\t<div class=\"e-con-inner\">\n\t\t<div class=\"elementor-element elementor-element-42a5d5c e-con-full e-flex wpr-particle-no wpr-jarallax-no wpr-parallax-no wpr-sticky-section-no e-con e-child\" data-id=\"42a5d5c\" data-element_type=\"container\">\n\t\t\t\t<div class=\"elementor-element elementor-element-441c056 elementor-widget elementor-widget-image-gallery\" data-id=\"441c056\" data-element_type=\"widget\" data-widget_type=\"image-gallery.default\">\n\t\t\t\t<div class=\"elementor-widget-container\">\n\t\t\t\t\t\t\t<div class=\"elementor-image-gallery\">\n\t\t\t<div id='gallery-1' class='gallery galleryid-9796 gallery-columns-6 gallery-size-thumbnail'><figure class='gallery-item'>\n\t\t\t<div class='gallery-icon landscape'>\n\t\t\t\t<img loading=\"lazy\" decoding=\"async\" width=\"150\" height=\"150\" src=\"https:\/\/trust-oea.org\/wp-content\/uploads\/2025\/05\/SDG-Goal-4-icon-150x150.jpg\" class=\"attachment-thumbnail size-thumbnail\" alt=\"\" aria-describedby=\"gallery-1-11089\" srcset=\"https:\/\/trust-oea.org\/wp-content\/uploads\/2025\/05\/SDG-Goal-4-icon-150x150.jpg 150w, https:\/\/trust-oea.org\/wp-content\/uploads\/2025\/05\/SDG-Goal-4-icon-300x300.jpg 300w, https:\/\/trust-oea.org\/wp-content\/uploads\/2025\/05\/SDG-Goal-4-icon-12x12.jpg 12w, https:\/\/trust-oea.org\/wp-content\/uploads\/2025\/05\/SDG-Goal-4-icon.jpg 466w\" sizes=\"(max-width: 150px) 100vw, 150px\" \/>\n\t\t\t<\/div>\n\t\t\t\t<figcaption class='wp-caption-text gallery-caption' id='gallery-1-11089'>\n\t\t\t\tEduca\u00e7\u00e3o de qualidade\n\t\t\t\t<\/figcaption><\/figure><figure class='gallery-item'>\n\t\t\t<div class='gallery-icon landscape'>\n\t\t\t\t<img loading=\"lazy\" decoding=\"async\" width=\"150\" height=\"150\" src=\"https:\/\/trust-oea.org\/wp-content\/uploads\/2025\/05\/E_SDG_Icons_NoText-05-150x150.jpg\" class=\"attachment-thumbnail size-thumbnail\" alt=\"\" aria-describedby=\"gallery-1-11085\" srcset=\"https:\/\/trust-oea.org\/wp-content\/uploads\/2025\/05\/E_SDG_Icons_NoText-05-150x150.jpg 150w, https:\/\/trust-oea.org\/wp-content\/uploads\/2025\/05\/E_SDG_Icons_NoText-05-300x300.jpg 300w, https:\/\/trust-oea.org\/wp-content\/uploads\/2025\/05\/E_SDG_Icons_NoText-05-12x12.jpg 12w, https:\/\/trust-oea.org\/wp-content\/uploads\/2025\/05\/E_SDG_Icons_NoText-05.jpg 466w\" sizes=\"(max-width: 150px) 100vw, 150px\" \/>\n\t\t\t<\/div>\n\t\t\t\t<figcaption class='wp-caption-text gallery-caption' id='gallery-1-11085'>\n\t\t\t\tIgualdade de g\u00eanero\n\t\t\t\t<\/figcaption><\/figure><figure class='gallery-item'>\n\t\t\t<div class='gallery-icon landscape'>\n\t\t\t\t<img loading=\"lazy\" decoding=\"async\" width=\"150\" height=\"150\" src=\"https:\/\/trust-oea.org\/wp-content\/uploads\/2025\/05\/ODS_8_-_icono-150x150.jpg\" class=\"attachment-thumbnail size-thumbnail\" alt=\"\" aria-describedby=\"gallery-1-11088\" srcset=\"https:\/\/trust-oea.org\/wp-content\/uploads\/2025\/05\/ODS_8_-_icono-150x150.jpg 150w, https:\/\/trust-oea.org\/wp-content\/uploads\/2025\/05\/ODS_8_-_icono-300x300.jpg 300w, https:\/\/trust-oea.org\/wp-content\/uploads\/2025\/05\/ODS_8_-_icono-12x12.jpg 12w, https:\/\/trust-oea.org\/wp-content\/uploads\/2025\/05\/ODS_8_-_icono.jpg 466w\" sizes=\"(max-width: 150px) 100vw, 150px\" \/>\n\t\t\t<\/div>\n\t\t\t\t<figcaption class='wp-caption-text gallery-caption' id='gallery-1-11088'>\n\t\t\t\tTrabalho decente e crescimento econ\u00f4mico\n\t\t\t\t<\/figcaption><\/figure><figure class='gallery-item'>\n\t\t\t<div class='gallery-icon landscape'>\n\t\t\t\t<img loading=\"lazy\" decoding=\"async\" width=\"150\" height=\"150\" src=\"https:\/\/trust-oea.org\/wp-content\/uploads\/2025\/05\/E_SDG_Icons_NoText-10-150x150.jpg\" class=\"attachment-thumbnail size-thumbnail\" alt=\"\" aria-describedby=\"gallery-1-11086\" srcset=\"https:\/\/trust-oea.org\/wp-content\/uploads\/2025\/05\/E_SDG_Icons_NoText-10-150x150.jpg 150w, https:\/\/trust-oea.org\/wp-content\/uploads\/2025\/05\/E_SDG_Icons_NoText-10-300x300.jpg 300w, https:\/\/trust-oea.org\/wp-content\/uploads\/2025\/05\/E_SDG_Icons_NoText-10-12x12.jpg 12w, https:\/\/trust-oea.org\/wp-content\/uploads\/2025\/05\/E_SDG_Icons_NoText-10.jpg 466w\" sizes=\"(max-width: 150px) 100vw, 150px\" \/>\n\t\t\t<\/div>\n\t\t\t\t<figcaption class='wp-caption-text gallery-caption' id='gallery-1-11086'>\n\t\t\t\tRedu\u00e7\u00e3o das desigualdades\n\t\t\t\t<\/figcaption><\/figure><figure class='gallery-item'>\n\t\t\t<div class='gallery-icon landscape'>\n\t\t\t\t<img loading=\"lazy\" decoding=\"async\" width=\"150\" height=\"150\" src=\"https:\/\/trust-oea.org\/wp-content\/uploads\/2025\/05\/images-150x150.png\" class=\"attachment-thumbnail size-thumbnail\" alt=\"\" aria-describedby=\"gallery-1-11087\" srcset=\"https:\/\/trust-oea.org\/wp-content\/uploads\/2025\/05\/images-150x150.png 150w, https:\/\/trust-oea.org\/wp-content\/uploads\/2025\/05\/images-12x12.png 12w, https:\/\/trust-oea.org\/wp-content\/uploads\/2025\/05\/images.png 225w\" sizes=\"(max-width: 150px) 100vw, 150px\" \/>\n\t\t\t<\/div>\n\t\t\t\t<figcaption class='wp-caption-text gallery-caption' id='gallery-1-11087'>\n\t\t\t\tParcerias para alcan\u00e7ar os objetivos\n\t\t\t\t<\/figcaption><\/figure>\n\t\t<\/div>\n\t\t<\/div>\n\t\t\t\t\t\t<\/div>\n\t\t\t\t<\/div>\n\t\t\t\t<\/div>\n\t\t\t\t\t<\/div>\n\t\t\t\t<\/div>\n\t\t<div class=\"elementor-element elementor-element-939c176 e-con-full e-flex wpr-particle-no wpr-jarallax-no wpr-parallax-no wpr-sticky-section-no e-con e-parent\" data-id=\"939c176\" data-element_type=\"container\">\n\t\t<div class=\"elementor-element elementor-element-b3932ec e-con-full e-flex wpr-particle-no wpr-jarallax-no wpr-parallax-no wpr-sticky-section-no e-con e-child\" data-id=\"b3932ec\" data-element_type=\"container\" data-settings=\"{&quot;background_background&quot;:&quot;classic&quot;}\">\n\t\t\t\t<div class=\"elementor-element elementor-element-196d262 elementor-widget elementor-widget-heading\" data-id=\"196d262\" data-element_type=\"widget\" data-widget_type=\"heading.default\">\n\t\t\t\t<div class=\"elementor-widget-container\">\n\t\t\t\t\t<h1 class=\"elementor-heading-title elementor-size-default\">Fa\u00e7a sua doa\u00e7\u00e3o agora!<\/h1>\t\t\t\t<\/div>\n\t\t\t\t<\/div>\n\t\t\t\t<div class=\"elementor-element elementor-element-bcbfb55 elementor-widget elementor-widget-heading\" data-id=\"bcbfb55\" data-element_type=\"widget\" data-widget_type=\"heading.default\">\n\t\t\t\t<div class=\"elementor-widget-container\">\n\t\t\t\t\t<p class=\"elementor-heading-title elementor-size-default\">Sua doa\u00e7\u00e3o nos permite continuar nosso trabalho com as comunidades mais vulner\u00e1veis.<\/p>\t\t\t\t<\/div>\n\t\t\t\t<\/div>\n\t\t\t\t<div class=\"elementor-element elementor-element-0289c7d elementor-align-center elementor-widget elementor-widget-button\" data-id=\"0289c7d\" data-element_type=\"widget\" data-widget_type=\"button.default\">\n\t\t\t\t<div class=\"elementor-widget-container\">\n\t\t\t\t\t\t\t\t\t<div class=\"elementor-button-wrapper\">\n\t\t\t\t\t<a class=\"elementor-button elementor-button-link elementor-size-sm\" href=\"https:\/\/www.oas.org\/cc\/default.aspx?type=donations&amp;store=trust&amp;lang=en\">\n\t\t\t\t\t\t<span class=\"elementor-button-content-wrapper\">\n\t\t\t\t\t\t<span class=\"elementor-button-icon\">\n\t\t\t\t<svg aria-hidden=\"true\" class=\"e-font-icon-svg e-fas-arrow-alt-circle-right\" viewbox=\"0 0 512 512\" xmlns=\"http:\/\/www.w3.org\/2000\/svg\"><path d=\"M256 8c137 0 248 111 248 248S393 504 256 504 8 393 8 256 119 8 256 8zM140 300h116v70.9c0 10.7 13 16.1 20.5 8.5l114.3-114.9c4.7-4.7 4.7-12.2 0-16.9l-114.3-115c-7.6-7.6-20.5-2.2-20.5 8.5V212H140c-6.6 0-12 5.4-12 12v64c0 6.6 5.4 12 12 12z\"><\/path><\/svg>\t\t\t<\/span>\n\t\t\t\t\t\t\t\t\t<span class=\"elementor-button-text\">doar<\/span>\n\t\t\t\t\t<\/span>\n\t\t\t\t\t<\/a>\n\t\t\t\t<\/div>\n\t\t\t\t\t\t\t\t<\/div>\n\t\t\t\t<\/div>\n\t\t\t\t<\/div>\n\t\t\t\t<\/div>\n\t\t\t\t<\/div>","protected":false},"excerpt":{"rendered":"<p>Empoderamiento de los pueblos ind\u00edgenas a trav\u00e9s de habilidades digitales El proyecto Empoderamiento de los Pueblos Ind\u00edgenas a trav\u00e9s de Habilidades Digitales capacit\u00f3 a mujeres, ni\u00f1as, personas transg\u00e9nero y de g\u00e9nero diverso de comunidades ind\u00edgenas en Canad\u00e1, fortaleciendo sus habilidades digitales y para la vida. Implementado entre agosto de 2023 y agosto 2024, el proyecto, apoyado por Microsoft Filantrop\u00edas, busc\u00f3 elevar la representaci\u00f3n ind\u00edgena en la econom\u00eda digital, promoviendo la inclusi\u00f3n y la conciencia cultural en el sector tecnol\u00f3gico. Ubicaci\u00f3n: Canad\u00e1 Estatus: Proyecto completado Socios estrat\u00e9gicos ODS Educaci\u00f3n de calidad Igualdad de g\u00e9nero Trabajo decente y crecimiento econ\u00f3mico Reducci\u00f3n de las desigualdades Alianzas para lograr los objetivos \u00a1Dona ahora! Con tu donativo nos permites continuar nuestra labor ante las comunidades m\u00e1s vulnerables. DONAR<\/p>","protected":false},"author":2,"featured_media":0,"parent":0,"menu_order":0,"comment_status":"closed","ping_status":"closed","template":"","meta":{"site-sidebar-layout":"no-sidebar","site-content-layout":"page-builder","ast-site-content-layout":"full-width-container","site-content-style":"unboxed","site-sidebar-style":"unboxed","ast-global-header-display":"","ast-banner-title-visibility":"","ast-main-header-display":"","ast-hfb-above-header-display":"","ast-hfb-below-header-display":"","ast-hfb-mobile-header-display":"","site-post-title":"disabled","ast-breadcrumbs-content":"disabled","ast-featured-img":"disabled","footer-sml-layout":"","ast-disable-related-posts":"","theme-transparent-header-meta":"enabled","adv-header-id-meta":"","stick-header-meta":"","header-above-stick-meta":"","header-main-stick-meta":"","header-below-stick-meta":"","astra-migrate-meta-layouts":"set","ast-page-background-enabled":"default","ast-page-background-meta":{"desktop":{"background-color":"","background-image":"","background-repeat":"repeat","background-position":"center center","background-size":"auto","background-attachment":"scroll","background-type":"","background-media":"","overlay-type":"","overlay-color":"","overlay-opacity":"","overlay-gradient":""},"tablet":{"background-color":"","background-image":"","background-repeat":"repeat","background-position":"center center","background-size":"auto","background-attachment":"scroll","background-type":"","background-media":"","overlay-type":"","overlay-color":"","overlay-opacity":"","overlay-gradient":""},"mobile":{"background-color":"","background-image":"","background-repeat":"repeat","background-position":"center center","background-size":"auto","background-attachment":"scroll","background-type":"","background-media":"","overlay-type":"","overlay-color":"","overlay-opacity":"","overlay-gradient":""}},"ast-content-background-meta":{"desktop":{"background-color":"var(--ast-global-color-5)","background-image":"","background-repeat":"repeat","background-position":"center center","background-size":"auto","background-attachment":"scroll","background-type":"","background-media":"","overlay-type":"","overlay-color":"","overlay-opacity":"","overlay-gradient":""},"tablet":{"background-color":"var(--ast-global-color-5)","background-image":"","background-repeat":"repeat","background-position":"center center","background-size":"auto","background-attachment":"scroll","background-type":"","background-media":"","overlay-type":"","overlay-color":"","overlay-opacity":"","overlay-gradient":""},"mobile":{"background-color":"var(--ast-global-color-5)","background-image":"","background-repeat":"repeat","background-position":"center center","background-size":"auto","background-attachment":"scroll","background-type":"","background-media":"","overlay-type":"","overlay-color":"","overlay-opacity":"","overlay-gradient":""}},"footnotes":""},"class_list":["post-9796","page","type-page","status-publish","hentry"],"_links":{"self":[{"href":"https:\/\/trust-oea.org\/pt\/wp-json\/wp\/v2\/pages\/9796","targetHints":{"allow":["GET"]}}],"collection":[{"href":"https:\/\/trust-oea.org\/pt\/wp-json\/wp\/v2\/pages"}],"about":[{"href":"https:\/\/trust-oea.org\/pt\/wp-json\/wp\/v2\/types\/page"}],"author":[{"embeddable":true,"href":"https:\/\/trust-oea.org\/pt\/wp-json\/wp\/v2\/users\/2"}],"replies":[{"embeddable":true,"href":"https:\/\/trust-oea.org\/pt\/wp-json\/wp\/v2\/comments?post=9796"}],"version-history":[{"count":34,"href":"https:\/\/trust-oea.org\/pt\/wp-json\/wp\/v2\/pages\/9796\/revisions"}],"predecessor-version":[{"id":15914,"href":"https:\/\/trust-oea.org\/pt\/wp-json\/wp\/v2\/pages\/9796\/revisions\/15914"}],"wp:attachment":[{"href":"https:\/\/trust-oea.org\/pt\/wp-json\/wp\/v2\/media?parent=9796"}],"curies":[{"name":"wp","href":"https:\/\/api.w.org\/{rel}","templated":true}]}}