{"id":9047,"date":"2024-11-29T20:14:00","date_gmt":"2024-11-29T20:14:00","guid":{"rendered":"http:\/\/40.117.174.162\/?page_id=9047"},"modified":"2025-08-26T22:14:05","modified_gmt":"2025-08-26T22:14:05","slug":"como-lo-hacemos","status":"publish","type":"page","link":"https:\/\/trust-oea.org\/pt\/como-lo-hacemos\/","title":{"rendered":"Como fazemos?"},"content":{"rendered":"<div data-elementor-type=\"wp-page\" data-elementor-id=\"9047\" class=\"elementor elementor-9047\">\n\t\t\t\t<div class=\"elementor-element elementor-element-cca51b6 e-con-full e-flex wpr-particle-no wpr-jarallax-no wpr-parallax-no wpr-sticky-section-no e-con e-parent\" data-id=\"cca51b6\" data-element_type=\"container\">\n\t\t<div class=\"elementor-element elementor-element-eaf07a6 e-con-full e-flex wpr-particle-no wpr-jarallax-no wpr-parallax-no wpr-sticky-section-no e-con e-child\" data-id=\"eaf07a6\" data-element_type=\"container\" data-settings=\"{&quot;background_background&quot;:&quot;classic&quot;}\">\n\t\t\t\t<div class=\"elementor-element elementor-element-b78446e elementor-invisible elementor-widget elementor-widget-heading\" data-id=\"b78446e\" data-element_type=\"widget\" data-settings=\"{&quot;_animation&quot;:&quot;fadeInDown&quot;}\" data-widget_type=\"heading.default\">\n\t\t\t\t<div class=\"elementor-widget-container\">\n\t\t\t\t\t<h2 class=\"elementor-heading-title elementor-size-default\">Como fazemos?<\/h2>\t\t\t\t<\/div>\n\t\t\t\t<\/div>\n\t\t\t\t<div class=\"elementor-element elementor-element-a6fc31a elementor-invisible elementor-widget elementor-widget-text-editor\" data-id=\"a6fc31a\" data-element_type=\"widget\" data-settings=\"{&quot;_animation&quot;:&quot;fadeInUp&quot;}\" data-widget_type=\"text-editor.default\">\n\t\t\t\t<div class=\"elementor-widget-container\">\n\t\t\t\t\t\t\t\t\t<p>Na The Trust for the Americas, desenvolvemos uma abordagem estrat\u00e9gica que potencializa o\u00a0<strong>impacto<\/strong>\u00a0de nossos projetos por meio de\u00a0<strong>parceria.<\/strong>\u00a0<strong>alian\u00e7as com os setores p\u00fablico<\/strong>, privado, acad\u00eamico e com a sociedade civil. Nossa capacidade de gerar sinergias em toda a regi\u00e3o nos permite<strong>\u00a0transformar vidas<\/strong>\u00a0e comunidades de forma sustent\u00e1vel.<\/p>\t\t\t\t\t\t\t\t<\/div>\n\t\t\t\t<\/div>\n\t\t\t\t<\/div>\n\t\t\t\t<\/div>\n\t\t<div class=\"elementor-element elementor-element-fe22a23 e-flex e-con-boxed wpr-particle-no wpr-jarallax-no wpr-parallax-no wpr-sticky-section-no e-con e-parent\" data-id=\"fe22a23\" data-element_type=\"container\">\n\t\t\t\t\t<div class=\"e-con-inner\">\n\t\t<div class=\"elementor-element elementor-element-19f3b8f e-con-full e-flex wpr-particle-no wpr-jarallax-no wpr-parallax-no wpr-sticky-section-no e-con e-child\" data-id=\"19f3b8f\" data-element_type=\"container\">\n\t\t\t\t<div class=\"elementor-element elementor-element-52e85c9 elementor-widget elementor-widget-heading\" data-id=\"52e85c9\" data-element_type=\"widget\" data-settings=\"{&quot;_animation&quot;:&quot;none&quot;}\" data-widget_type=\"heading.default\">\n\t\t\t\t<div class=\"elementor-widget-container\">\n\t\t\t\t\t<p class=\"elementor-heading-title elementor-size-default\">Atuamos com parceiros locais de confian\u00e7a e uma equipe de especialistas na Am\u00e9rica Latina e no Caribe para implementar programas que respondem \u00e0s necessidades reais das comunidades em situa\u00e7\u00e3o de vulnerabilidade. <br><br> Nossa abordagem se baseia em oferecer solu\u00e7\u00f5es que incentivem o empreendedorismo social, promovam a sustentabilidade e garantam visibilidade e relev\u00e2ncia duradouras para os projetos em n\u00edvel local.<\/p>\t\t\t\t<\/div>\n\t\t\t\t<\/div>\n\t\t\t\t<\/div>\n\t\t\t\t\t<\/div>\n\t\t\t\t<\/div>\n\t\t<div class=\"elementor-element elementor-element-2523dea e-con-full e-flex wpr-particle-no wpr-jarallax-no wpr-parallax-no wpr-sticky-section-no e-con e-parent\" data-id=\"2523dea\" data-element_type=\"container\">\n\t\t\t\t<div class=\"elementor-element elementor-element-8bcb80b elementor-widget elementor-widget-heading\" data-id=\"8bcb80b\" data-element_type=\"widget\" data-settings=\"{&quot;_animation&quot;:&quot;none&quot;}\" data-widget_type=\"heading.default\">\n\t\t\t\t<div class=\"elementor-widget-container\">\n\t\t\t\t\t<h3 class=\"elementor-heading-title elementor-size-default\">Implementando nossos programas: um processo em cinco etapas <\/h3>\t\t\t\t<\/div>\n\t\t\t\t<\/div>\n\t\t\t\t<div class=\"elementor-element elementor-element-2b2e105 elementor-widget elementor-widget-image\" data-id=\"2b2e105\" data-element_type=\"widget\" data-widget_type=\"image.default\">\n\t\t\t\t<div class=\"elementor-widget-container\">\n\t\t\t\t\t\t\t\t\t\t\t\t\t\t\t<img fetchpriority=\"high\" decoding=\"async\" width=\"800\" height=\"2000\" src=\"https:\/\/trust-oea.org\/wp-content\/uploads\/2025\/08\/12.png\" class=\"attachment-full size-full wp-image-13557\" alt=\"\" srcset=\"https:\/\/trust-oea.org\/wp-content\/uploads\/2025\/08\/12.png 800w, https:\/\/trust-oea.org\/wp-content\/uploads\/2025\/08\/12-120x300.png 120w, https:\/\/trust-oea.org\/wp-content\/uploads\/2025\/08\/12-410x1024.png 410w, https:\/\/trust-oea.org\/wp-content\/uploads\/2025\/08\/12-768x1920.png 768w, https:\/\/trust-oea.org\/wp-content\/uploads\/2025\/08\/12-614x1536.png 614w, https:\/\/trust-oea.org\/wp-content\/uploads\/2025\/08\/12-5x12.png 5w\" sizes=\"(max-width: 800px) 100vw, 800px\" \/>\t\t\t\t\t\t\t\t\t\t\t\t\t\t\t<\/div>\n\t\t\t\t<\/div>\n\t\t\t\t<\/div>\n\t\t<div class=\"elementor-element elementor-element-7d670be e-flex e-con-boxed wpr-particle-no wpr-jarallax-no wpr-parallax-no wpr-sticky-section-no e-con e-parent\" data-id=\"7d670be\" data-element_type=\"container\" data-settings=\"{&quot;background_background&quot;:&quot;classic&quot;}\">\n\t\t\t\t\t<div class=\"e-con-inner\">\n\t\t<div class=\"elementor-element elementor-element-9b52625 e-con-full e-flex wpr-particle-no wpr-jarallax-no wpr-parallax-no wpr-sticky-section-no e-con e-child\" data-id=\"9b52625\" data-element_type=\"container\" data-settings=\"{&quot;background_background&quot;:&quot;classic&quot;}\">\n\t\t\t\t<div class=\"elementor-element elementor-element-911f687 elementor-widget elementor-widget-image\" data-id=\"911f687\" data-element_type=\"widget\" data-settings=\"{&quot;_animation&quot;:&quot;none&quot;}\" data-widget_type=\"image.default\">\n\t\t\t\t<div class=\"elementor-widget-container\">\n\t\t\t\t\t\t\t\t\t\t\t\t\t\t\t<img decoding=\"async\" width=\"413\" height=\"500\" src=\"https:\/\/trust-oea.org\/wp-content\/uploads\/2025\/08\/15-_1_.webp\" class=\"attachment-medium_large size-medium_large wp-image-13763\" alt=\"\" srcset=\"https:\/\/trust-oea.org\/wp-content\/uploads\/2025\/08\/15-_1_.webp 413w, https:\/\/trust-oea.org\/wp-content\/uploads\/2025\/08\/15-_1_-248x300.webp 248w, https:\/\/trust-oea.org\/wp-content\/uploads\/2025\/08\/15-_1_-10x12.webp 10w\" sizes=\"(max-width: 413px) 100vw, 413px\" \/>\t\t\t\t\t\t\t\t\t\t\t\t\t\t\t<\/div>\n\t\t\t\t<\/div>\n\t\t\t\t<\/div>\n\t\t<div class=\"elementor-element elementor-element-f0e32bd e-con-full e-flex wpr-particle-no wpr-jarallax-no wpr-parallax-no wpr-sticky-section-no e-con e-child\" data-id=\"f0e32bd\" data-element_type=\"container\">\n\t\t\t\t<div class=\"elementor-element elementor-element-458a924 elementor-widget elementor-widget-heading\" data-id=\"458a924\" data-element_type=\"widget\" data-settings=\"{&quot;_animation&quot;:&quot;none&quot;}\" data-widget_type=\"heading.default\">\n\t\t\t\t<div class=\"elementor-widget-container\">\n\t\t\t\t\t<h3 class=\"elementor-heading-title elementor-size-default\">Investindo no futuro das Am\u00e9ricas<\/h3>\t\t\t\t<\/div>\n\t\t\t\t<\/div>\n\t\t\t\t<div class=\"elementor-element elementor-element-74ae7e1 elementor-widget elementor-widget-text-editor\" data-id=\"74ae7e1\" data-element_type=\"widget\" data-widget_type=\"text-editor.default\">\n\t\t\t\t<div class=\"elementor-widget-container\">\n\t\t\t\t\t\t\t\t\t<p>Ao longo de mais de duas d\u00e9cadas, impactamos a vida de mais de 5 milh\u00f5es de pessoas. Nossa rede com quase 400 centros de capacita\u00e7\u00e3o tecnol\u00f3gica e laborat\u00f3rios de inova\u00e7\u00e3o, somada a mais de 1.000 organiza\u00e7\u00f5es locais parceiras, nos permite aproveitar cada contribui\u00e7\u00e3o com uma raz\u00e3o de 10 para 1. Isso significa que, para cada d\u00f3lar investido, multiplicamos o impacto por dez \u2014 um diferencial que nos torna \u00fanicos.<\/p>\t\t\t\t\t\t\t\t<\/div>\n\t\t\t\t<\/div>\n\t\t\t\t<\/div>\n\t\t\t\t\t<\/div>\n\t\t\t\t<\/div>\n\t\t<div class=\"elementor-element elementor-element-24fe518 e-flex e-con-boxed wpr-particle-no wpr-jarallax-no wpr-parallax-no wpr-sticky-section-no e-con e-parent\" data-id=\"24fe518\" data-element_type=\"container\" data-settings=\"{&quot;background_background&quot;:&quot;classic&quot;}\">\n\t\t\t\t\t<div class=\"e-con-inner\">\n\t\t<div class=\"elementor-element elementor-element-e2aa3ad e-con-full e-flex wpr-particle-no wpr-jarallax-no wpr-parallax-no wpr-sticky-section-no e-con e-child\" data-id=\"e2aa3ad\" data-element_type=\"container\">\n\t\t\t\t<div class=\"elementor-element elementor-element-4ca171b elementor-widget elementor-widget-heading\" data-id=\"4ca171b\" data-element_type=\"widget\" data-widget_type=\"heading.default\">\n\t\t\t\t<div class=\"elementor-widget-container\">\n\t\t\t\t\t<h3 class=\"elementor-heading-title elementor-size-default\">Um modelo financeiro colaborativo<\/h3>\t\t\t\t<\/div>\n\t\t\t\t<\/div>\n\t\t\t\t<div class=\"elementor-element elementor-element-9f25d0f elementor-widget elementor-widget-text-editor\" data-id=\"9f25d0f\" data-element_type=\"widget\" data-widget_type=\"text-editor.default\">\n\t\t\t\t<div class=\"elementor-widget-container\">\n\t\t\t\t\t\t\t\t\t<p>Nosso modelo de financiamento reflete nossa abordagem colaborativa. Por meio de contribui\u00e7\u00f5es do conselho diretor, subs\u00eddios federais, doa\u00e7\u00f5es e parcerias estrat\u00e9gicas, mantemos e ampliamos o impacto dos nossos projetos. Essa estrutura nos permite direcionar recursos para onde s\u00e3o mais necess\u00e1rios e garantir a sustentabilidade de nossas iniciativas.<\/p>\t\t\t\t\t\t\t\t<\/div>\n\t\t\t\t<\/div>\n\t\t\t\t<\/div>\n\t\t<div class=\"elementor-element elementor-element-8d5a75a e-con-full e-flex wpr-particle-no wpr-jarallax-no wpr-parallax-no wpr-sticky-section-no e-con e-child\" data-id=\"8d5a75a\" data-element_type=\"container\" data-settings=\"{&quot;background_background&quot;:&quot;classic&quot;}\">\n\t\t\t\t<div class=\"elementor-element elementor-element-02d9595 elementor-widget elementor-widget-image\" data-id=\"02d9595\" data-element_type=\"widget\" data-settings=\"{&quot;_animation&quot;:&quot;none&quot;}\" data-widget_type=\"image.default\">\n\t\t\t\t<div class=\"elementor-widget-container\">\n\t\t\t\t\t\t\t\t\t\t\t\t\t\t\t<img decoding=\"async\" width=\"413\" height=\"500\" src=\"https:\/\/trust-oea.org\/wp-content\/uploads\/2025\/08\/26-1-2.webp\" class=\"attachment-medium_large size-medium_large wp-image-13764\" alt=\"\" srcset=\"https:\/\/trust-oea.org\/wp-content\/uploads\/2025\/08\/26-1-2.webp 413w, https:\/\/trust-oea.org\/wp-content\/uploads\/2025\/08\/26-1-2-248x300.webp 248w, https:\/\/trust-oea.org\/wp-content\/uploads\/2025\/08\/26-1-2-10x12.webp 10w\" sizes=\"(max-width: 413px) 100vw, 413px\" \/>\t\t\t\t\t\t\t\t\t\t\t\t\t\t\t<\/div>\n\t\t\t\t<\/div>\n\t\t\t\t<\/div>\n\t\t\t\t\t<\/div>\n\t\t\t\t<\/div>\n\t\t\t\t<\/div>","protected":false},"excerpt":{"rendered":"<p>\u00bfC\u00f3mo lo hacemos? En The Trust for the Americas, hemos perfeccionado un enfoque estrat\u00e9gico que maximiza el\u00a0impacto\u00a0de nuestros proyectos a trav\u00e9s de\u00a0alianzas\u00a0con el sector p\u00fablico, privado, la academia y la sociedad civil. Nuestra capacidad para generar sinergias en toda la regi\u00f3n nos permite\u00a0transformar vidas\u00a0y comunidades de manera sostenible. Trabajamos con socios locales de confianza y un equipo de expertos en Am\u00e9rica Latina y el Caribe para implementar programas que responden a las necesidades reales de las comunidades marginadas. Nuestro enfoque se basa en ofrecer soluciones que fomenten el emprendimiento social, promuevan la sostenibilidad y garanticen que nuestros proyectos tengan una visibilidad y relevancia duraderas a nivel local. Implementando nuestros programas: un proceso en cinco pasos Invirtiendo en el futuro de las Am\u00e9ricas Durante m\u00e1s de dos d\u00e9cadas, hemos impactado la vida de m\u00e1s de 5 millones de personas. Nuestra red de casi 400 centros de formaci\u00f3n tecnol\u00f3gica y laboratorios de innovaci\u00f3n, junto con m\u00e1s de 1000 organizaciones locales, nos ha permitido aprovechar cada contribuci\u00f3n con una proporci\u00f3n de 10:1. Esto significa que por cada d\u00f3lar invertido, multiplicamos el impacto diez veces, algo que verdaderamente nos diferencia. Un modelo financiero colaborativo Nuestro modelo de financiamiento refleja nuestro enfoque de colaboraci\u00f3n. A trav\u00e9s de contribuciones de la junta directiva, becas federales, donaciones y asociaciones estrat\u00e9gicas, mantenemos y expandimos el impacto de nuestros proyectos. Esta estructura nos permite llevar recursos donde m\u00e1s se necesitan y garantizar la sostenibilidad de nuestras iniciativas.<\/p>","protected":false},"author":2,"featured_media":0,"parent":0,"menu_order":0,"comment_status":"closed","ping_status":"closed","template":"","meta":{"site-sidebar-layout":"no-sidebar","site-content-layout":"page-builder","ast-site-content-layout":"full-width-container","site-content-style":"unboxed","site-sidebar-style":"unboxed","ast-global-header-display":"","ast-banner-title-visibility":"","ast-main-header-display":"","ast-hfb-above-header-display":"","ast-hfb-below-header-display":"","ast-hfb-mobile-header-display":"","site-post-title":"disabled","ast-breadcrumbs-content":"disabled","ast-featured-img":"disabled","footer-sml-layout":"","ast-disable-related-posts":"","theme-transparent-header-meta":"enabled","adv-header-id-meta":"","stick-header-meta":"","header-above-stick-meta":"","header-main-stick-meta":"","header-below-stick-meta":"","astra-migrate-meta-layouts":"set","ast-page-background-enabled":"default","ast-page-background-meta":{"desktop":{"background-color":"","background-image":"","background-repeat":"repeat","background-position":"center center","background-size":"auto","background-attachment":"scroll","background-type":"","background-media":"","overlay-type":"","overlay-color":"","overlay-opacity":"","overlay-gradient":""},"tablet":{"background-color":"","background-image":"","background-repeat":"repeat","background-position":"center center","background-size":"auto","background-attachment":"scroll","background-type":"","background-media":"","overlay-type":"","overlay-color":"","overlay-opacity":"","overlay-gradient":""},"mobile":{"background-color":"","background-image":"","background-repeat":"repeat","background-position":"center center","background-size":"auto","background-attachment":"scroll","background-type":"","background-media":"","overlay-type":"","overlay-color":"","overlay-opacity":"","overlay-gradient":""}},"ast-content-background-meta":{"desktop":{"background-color":"var(--ast-global-color-5)","background-image":"","background-repeat":"repeat","background-position":"center center","background-size":"auto","background-attachment":"scroll","background-type":"","background-media":"","overlay-type":"","overlay-color":"","overlay-opacity":"","overlay-gradient":""},"tablet":{"background-color":"var(--ast-global-color-5)","background-image":"","background-repeat":"repeat","background-position":"center center","background-size":"auto","background-attachment":"scroll","background-type":"","background-media":"","overlay-type":"","overlay-color":"","overlay-opacity":"","overlay-gradient":""},"mobile":{"background-color":"var(--ast-global-color-5)","background-image":"","background-repeat":"repeat","background-position":"center center","background-size":"auto","background-attachment":"scroll","background-type":"","background-media":"","overlay-type":"","overlay-color":"","overlay-opacity":"","overlay-gradient":""}},"footnotes":""},"class_list":["post-9047","page","type-page","status-publish","hentry"],"_links":{"self":[{"href":"https:\/\/trust-oea.org\/pt\/wp-json\/wp\/v2\/pages\/9047","targetHints":{"allow":["GET"]}}],"collection":[{"href":"https:\/\/trust-oea.org\/pt\/wp-json\/wp\/v2\/pages"}],"about":[{"href":"https:\/\/trust-oea.org\/pt\/wp-json\/wp\/v2\/types\/page"}],"author":[{"embeddable":true,"href":"https:\/\/trust-oea.org\/pt\/wp-json\/wp\/v2\/users\/2"}],"replies":[{"embeddable":true,"href":"https:\/\/trust-oea.org\/pt\/wp-json\/wp\/v2\/comments?post=9047"}],"version-history":[{"count":168,"href":"https:\/\/trust-oea.org\/pt\/wp-json\/wp\/v2\/pages\/9047\/revisions"}],"predecessor-version":[{"id":15797,"href":"https:\/\/trust-oea.org\/pt\/wp-json\/wp\/v2\/pages\/9047\/revisions\/15797"}],"wp:attachment":[{"href":"https:\/\/trust-oea.org\/pt\/wp-json\/wp\/v2\/media?parent=9047"}],"curies":[{"name":"wp","href":"https:\/\/api.w.org\/{rel}","templated":true}]}}