{"id":16394,"date":"2025-11-22T01:40:23","date_gmt":"2025-11-22T01:40:23","guid":{"rendered":"https:\/\/trust-oea.org\/?page_id=16394"},"modified":"2025-11-22T01:41:23","modified_gmt":"2025-11-22T01:41:23","slug":"politicas-de-privacidad","status":"publish","type":"page","link":"https:\/\/trust-oea.org\/pt\/politicas-de-privacidad\/","title":{"rendered":"Pol\u00edticas de Privacidad"},"content":{"rendered":"<div data-elementor-type=\"wp-page\" data-elementor-id=\"16394\" class=\"elementor elementor-16394\">\n\t\t\t\t<div class=\"elementor-element elementor-element-fa4c829 e-flex e-con-boxed wpr-particle-no wpr-jarallax-no wpr-parallax-no wpr-sticky-section-no e-con e-parent\" data-id=\"fa4c829\" data-element_type=\"container\">\n\t\t\t\t\t<div class=\"e-con-inner\">\n\t\t\t\t<div class=\"elementor-element elementor-element-448d0f4 elementor-widget elementor-widget-text-editor\" data-id=\"448d0f4\" data-element_type=\"widget\" data-widget_type=\"text-editor.default\">\n\t\t\t\t<div class=\"elementor-widget-container\">\n\t\t\t\t\t\t\t\t\t<h4><strong>Pol\u00edticas de Privacidad<\/strong><\/h4><h5><strong>1. Responsable del tratamiento de datos.<\/strong><\/h5><p lang=\"es-es\" xml:lang=\"es-es\" align=\"justify\">El responsable del tratamiento de datos personales es THE TRUST FOR THE AMERICAS ORGANIZACI\u00d3N, una organizaci\u00f3n sin fines de lucro constituida bajo la secci\u00f3n 501 (c)(3) del C\u00f3digo de Impuestos de los Estados Unidos de Am\u00e9rica, entidad afiliada a la Organizaci\u00f3n de los Estados Americanos (OEA), cuyas oficinas est\u00e1n ubicadas en 1889 F Street NW, Washington DC 20006 Estados Unidos de Am\u00e9rica, en adelante, \u201cTHE TRUST FOR THE AMERICAS\u201d.<\/p><p lang=\"es-es-u-co-trad\" xml:lang=\"es-es-u-co-trad\" align=\"justify\">Las presentes Pol\u00edticas de Privacidad describen las formas en que recopilamos, usamos y compartimos la informaci\u00f3n personal que nos proporcionan los Usuarios a trav\u00e9s del presente sitio web<span lang=\"es-es-u-co-trad\" xml:lang=\"es-es-u-co-trad\">\u00a0(en adelante, \u201cel\u00a0<\/span><span lang=\"es-es-u-co-trad\" xml:lang=\"es-es-u-co-trad\">Sitio Web\u201d)<\/span>\u00a0o que de otro modo recopilamos o recibimos. Tambi\u00e9n establece c\u00f3mo almacenamos y protegemos dicha informaci\u00f3n y describe derechos de los Usuarios con respecto a la informaci\u00f3n personal.<\/p><p id=\"yui_3_17_2_1_1763775578893_20\" lang=\"es-es\" xml:lang=\"es-es\" align=\"justify\"><span lang=\"es-es-u-co-trad\" xml:lang=\"es-es-u-co-trad\">El\u00a0<\/span><span lang=\"es-es-u-co-trad\" xml:lang=\"es-es-u-co-trad\">acceso y\/o uso del Sitio Web atribuye la condici\u00f3n de Usuario (en adelante, el &#8220;Usuario&#8221;) e implica la aceptaci\u00f3n, desde dicho acceso y\/o uso, de la presente Pol\u00edtica\u00a0<\/span><span lang=\"es-es-u-co-trad\" xml:lang=\"es-es-u-co-trad\">de Privacidad. El Usuario podr\u00e1 contactar con\u00a0<\/span><span lang=\"es-es-u-co-trad\" xml:lang=\"es-es-u-co-trad\">THE TRUST FOR THE AMERICAS<\/span><i>\u00a0<\/i><span lang=\"es-es-u-co-trad\" xml:lang=\"es-es-u-co-trad\">en la siguiente direcci\u00f3n de correo electr\u00f3nico:\u00a0<\/span><u><a href=\"mailto:info@trust-oea.org\"><span lang=\"es-es-u-co-trad\" xml:lang=\"es-es-u-co-trad\">info@trust-oea.org<\/span><\/a><\/u><span lang=\"es-es-u-co-trad\" xml:lang=\"es-es-u-co-trad\">.<\/span><\/p><h5>2. Informaci\u00f3n personal que recopilamos y c\u00f3mo la obtenemos<\/h5><p lang=\"es-es\" xml:lang=\"es-es\" align=\"justify\">La &#8221;\u00a0informaci\u00f3n personal\u00a0&#8221; es cualquier informaci\u00f3n que se puede utilizar para identificar a entidades, colabores o usuarios de dichas entidades (en conjunto denominados como los \u201cUsuarios\u201d) pudiendo incluir:<\/p><ol type=\"A\"><li><p lang=\"es-es\" xml:lang=\"es-es\" align=\"justify\">Informaci\u00f3n que nos proporcionan.\u00a0<\/p><\/li><\/ol><div class=\"editor-indent\"><p lang=\"es-es\" xml:lang=\"es-es\" align=\"justify\">Procesaremos la informaci\u00f3n personal, incluso en las siguientes circunstancias:<\/p><\/div><div class=\"editor-indent\"><ul><li>Cuando las organizaciones sin fines de lucro contraten con nosotros brindar\u00e1n su propia informaci\u00f3n y ciertos datos personales de los asociados que utilizar\u00e1n nuestros servicios y cursos. La informaci\u00f3n personal puede incluir nombre de la organizaci\u00f3n, direcci\u00f3n, tel\u00e9fono, nombre de sus integrantes, nombre de sus representantes legales, documentaci\u00f3n legal, as\u00ed como el nombre completo, documento de identidad, n\u00famero de tel\u00e9fono, direcci\u00f3n de correo electr\u00f3nico de los asociados a dicha organizaci\u00f3n que accedan a nuestros cursos y\/o servicios.<\/li><li>Cuando un voluntario solicita o acepta un puesto o voluntariado con nosotros, brindando datos como nombre completo, fecha de nacimiento, nacionalidad, educaci\u00f3n y detalles de calificaci\u00f3n, g\u00e9nero, curr\u00edculum, detalles del pasaporte, estado civil, domicilio, n\u00famero de tel\u00e9fono particular, y otros detalles establecidos en su solicitud.<\/li><\/ul><\/div><ol start=\"2\" type=\"A\"><li><p lang=\"es-es\" xml:lang=\"es-es\" align=\"justify\">Informaci\u00f3n que de otro modo recopilamos o generamos.\u00a0<\/p><\/li><\/ol><div class=\"editor-indent\"><p lang=\"es-es\" xml:lang=\"es-es\" align=\"justify\">Es posible que recopilaremos informaci\u00f3n cuando los Usuarios interact\u00faan en nuestro Sitio Web.\u00a0Utilizamos varias tecnolog\u00edas para recopilar y almacenar informaci\u00f3n, tales como el tipo de dispositivo utilizado para acceder a nuestro Sitio Web, la direcci\u00f3n IP y ubicaci\u00f3n geogr\u00e1fica, el sistema operativo y la versi\u00f3n del dispositivo, el tipo de navegador, el contenido que ven y los t\u00e9rminos de b\u00fasqueda que ingresan en nuestro Sitio Web.<\/p><\/div><ol start=\"3\" type=\"A\"><li><p lang=\"es-es\" xml:lang=\"es-es\" align=\"justify\">Informaci\u00f3n que obtenemos de terceros.\u00a0<\/p><\/li><\/ol><div class=\"editor-indent\"><p lang=\"es-es\" xml:lang=\"es-es\" align=\"justify\">Podemos solicitar o recibir informaci\u00f3n personal de terceros en ciertas circunstancias, que incluyen el nombre completo, documento de identidad, nacionalidad, tel\u00e9fono, correo electr\u00f3nico de los usuarios de las entidades sin fines de lucro que contratan con nosotros.<\/p><\/div><h5><strong>3. Legitimaci\u00f3n para llevar a cabo el tratamiento de datos.<\/strong><\/h5><p lang=\"es-es\" xml:lang=\"es-es\" align=\"justify\">THE TRUST FOR THE AMERICAS est\u00e1 legitimada para tratar tus datos para poder llevar a cabo los objetivos dispuestos en El Sitio Web. La informaci\u00f3n personal se conserva de forma segura y se trata con el m\u00e1ximo cuidado.<\/p><h5><strong>4. Finalidades del tratamiento de datos de car\u00e1cter personal por parte de<span lang=\"es-es-u-co-trad\" xml:lang=\"es-es-u-co-trad\">\u00a0THE TRUST FOR THE AMERICAS<\/span>.<\/strong><\/h5><p lang=\"es-es\" xml:lang=\"es-es\" align=\"justify\">Los datos de car\u00e1cter personal recabados por\u00a0<span lang=\"es-es-u-co-trad\" xml:lang=\"es-es-u-co-trad\">THE TRUST FOR THE AMERICAS\u00a0<\/span>podr\u00e1n ser utilizados para las siguientes finalidades:<\/p><div class=\"editor-indent\"><p lang=\"es-es\" xml:lang=\"es-es\" align=\"justify\">(i) La prestaci\u00f3n de las propuestas de voluntariados, e-learnings, donaciones y programas ofrecidos a trav\u00e9s de El Sitio Web.<\/p><p lang=\"es-es\" xml:lang=\"es-es\" align=\"justify\">(ii) Realizar y difundir estudios anal\u00edticos y m\u00e9tricas relacionados con los beneficiarios de los entrenamientos y cursos y con la utilidad de estos.<\/p><p lang=\"es-es\" xml:lang=\"es-es\" align=\"justify\">(iii) Compartir en medios de comunicaci\u00f3n y redes sociales historias an\u00f3nimas de \u00e9xito con la comunidad de THE TRUST FOR THE AMERICAS. En el caso que dichas historias no sean an\u00f3nimas pediremos el consentimiento espec\u00edfico para el caso en concreto.<\/p><p lang=\"es-es\" xml:lang=\"es-es\" align=\"justify\">(iv) El env\u00edo de comunicaciones por parte de THE TRUST FOR THE AMERICAS.<\/p><p lang=\"es-es\" xml:lang=\"es-es\" align=\"justify\">(v) realizar estad\u00edsticas que dan cuenta de la labor realizada tanto por los socios locales como por THE TRUST FOR THE AMERICAS para dar seguimiento a procesos de capacitaci\u00f3n, e inclusi\u00f3n socioecon\u00f3mica; y<\/p><\/div><div class=\"editor-indent\"><p lang=\"es-es\" xml:lang=\"es-es\" align=\"justify\">(vi) para efectos de monitoreo y evaluaci\u00f3n de indicadores cualitativos y cuantitativos.<\/p><\/div><h5><strong>5. Cesiones de datos personales a terceros<\/strong><\/h5><p lang=\"es-es\" xml:lang=\"es-es\" align=\"justify\">La utilizaci\u00f3n de los servicios del Sitio Web implica el consentimiento para compartir los datos personales en caso de que fuera necesario, con los donantes de THE TRUST FOR THE AMERICAS o con las autoridades a las que THE TRUST FOR THE AMERICAS deba brindar informaci\u00f3n.<\/p><h5><strong>6. Veracidad de los datos facilitados por los Usuarios<\/strong><\/h5><p lang=\"es-es\" xml:lang=\"es-es\" align=\"justify\">Los Usuarios garantizan que los datos personales facilitados son veraces y se hacen responsables de comunicar a THE TRUST FOR THE AMERICAS cualquier modificaci\u00f3n de estos. Los Usuarios responder\u00e1n, en cualquier caso, de la veracidad de los datos facilitados, reserv\u00e1ndose\u00a0<span lang=\"es-es-u-co-trad\" xml:lang=\"es-es-u-co-trad\">THE TRUST FOR THE AMERICAS\u00a0<\/span>el derecho a excluir del Sitio Web a todo Usuario que haya brindado datos falsos, sin perjuicio de las dem\u00e1s acciones que procedan conforme a la ley aplicable.<\/p><h5><strong>7. Conservaci\u00f3n de los datos<\/strong><\/h5><p lang=\"es-es\" xml:lang=\"es-es\" align=\"justify\">Los datos personales proporcionados se conservar\u00e1n por parte de\u00a0<span lang=\"es-es-u-co-trad\" xml:lang=\"es-es-u-co-trad\">THE TRUST FOR THE AMERICAS\u00a0<\/span>mientras el Usuario no manifieste su intenci\u00f3n de eliminaci\u00f3n de sus Datos Personales por parte de THE TRUST FOR THE AMERICAS.<\/p><h5><strong>8. Derechos del Usuario en relaci\u00f3n con sus datos<\/strong><\/h5><p lang=\"es-es\" xml:lang=\"es-es\" align=\"justify\">El Usuario tiene derecho a acceder a sus datos personales, solicitar la modificaci\u00f3n de sus datos, solicitar la rectificaci\u00f3n de los datos inexactos, solicitar su supresi\u00f3n, solicitar su portabilidad, no ser objeto de decisiones individuales automatizadas, ejercer su derecho al olvido.<\/p><p lang=\"es-es\" xml:lang=\"es-es\" align=\"justify\"><span lang=\"es-ar\" xml:lang=\"es-ar\">Los Usuarios podr\u00e1n ejercitar los derechos de acceso, modificaci\u00f3n, rectificaci\u00f3n, y supresi\u00f3n de sus Datos Personales de conformidad a lo dispuesto a la normativa aplicable comunic\u00e1ndose al correo electr\u00f3nico constituido por THE TRUST FOR THE AMERICAS en las presentes Pol\u00edticas,\u00a0<\/span>indicando el motivo de su petici\u00f3n y aportando una copia de su Identificaci\u00f3n Personal, o por correo postal a la siguiente direcci\u00f3n: 1889 F Street NW, Washington DC 20006 Estados Unidos de Am\u00e9rica.<\/p><p lang=\"es-es\" xml:lang=\"es-es\" align=\"justify\">Sin perjuicio de cualquier otro recurso administrativo o acci\u00f3n judicial, el Usuario tendr\u00e1 derecho a presentar un reclamo ante una Autoridad de Control, en particular en el Estado miembro en el que tenga su residencia habitual, lugar de trabajo o lugar de la supuesta infracci\u00f3n, en caso de que considere que el tratamiento de sus datos personales no es adecuado a la normativa, as\u00ed como en el caso de no ver satisfecho el ejercicio de sus derechos. La autoridad de control ante la que se haya presentado la reclamaci\u00f3n informar\u00e1 al reclamante sobre el curso y el resultado de la reclamaci\u00f3n.<\/p><h5><strong>9. Seguridad de los datos<\/strong><\/h5><p lang=\"es-es\" xml:lang=\"es-es\" align=\"justify\"><span lang=\"es-es-u-co-trad\" xml:lang=\"es-es-u-co-trad\">THE TRUST FOR THE AMERICAS\u00a0<\/span>mantiene los niveles de seguridad de protecci\u00f3n de datos personales conforme a la normativa aplicable y ha establecido todos los medios t\u00e9cnicos a su alcance para evitar la p\u00e9rdida, mal uso, alteraci\u00f3n, acceso no autorizado y robo de los datos que el Usuario facilite a trav\u00e9s del Sitio Web sin perjuicio de informarle de que las medidas de seguridad en Internet no son inexpugnables.<\/p><p lang=\"es-es\" xml:lang=\"es-es\" align=\"justify\">THE TRUST FOR THE AMERICAS se compromete a cumplir con el deber de secreto y confidencialidad respecto de los datos personales de acuerdo con la legislaci\u00f3n aplicable, as\u00ed como a conferirles un tratamiento seguro en las cesiones y transferencias internacionales de datos que, en su caso, puedan producirse.<\/p><p lang=\"es-es\" xml:lang=\"es-es\" align=\"justify\">El Usuario se compromete a notificar THE TRUST FOR THE AMERICAS a la mayor brevedad el uso no autorizado de su nombre de Usuario y\/o contrase\u00f1a o cualquier otro fallo en la seguridad.\u00a0<span lang=\"es-es-u-co-trad\" xml:lang=\"es-es-u-co-trad\">THE TRUST FOR THE AMERICAS\u00a0<\/span>no ser\u00e1 responsable por los da\u00f1os o p\u00e9rdidas que se pudieran originar debido al no cumplimiento de esta obligaci\u00f3n por parte del Usuario.<\/p><h5><strong><span lang=\"es-ar\" xml:lang=\"es-ar\">10.\u00a0<\/span>Cambios<\/strong><\/h5><p lang=\"es-es\" xml:lang=\"es-es\" align=\"justify\">THE TRUST FOR THE AMERICAS se reserva el derecho de revisar su Pol\u00edtica de Privacidad en el momento que considere oportuno. Por esta raz\u00f3n, le rogamos que compruebe de forma regular esta Pol\u00edtica de Privacidad para leer la versi\u00f3n m\u00e1s reciente de la misma.<\/p><p lang=\"es-es\" xml:lang=\"es-es\" align=\"justify\">No obstante, cualquier cambio que se produzca en la presente Pol\u00edtica de Privacidad se comunicar\u00e1 al Usuario.<\/p><h5><strong>11. Links a p\u00e1ginas web<\/strong><\/h5><p lang=\"es-es\" xml:lang=\"es-es\" align=\"justify\">EL Sitio Web de THE TRUST FOR THE AMERICAS podr\u00eda contener links a p\u00e1ginas web de compa\u00f1\u00edas y entidades de terceros.<span lang=\"es-es-u-co-trad\" xml:lang=\"es-es-u-co-trad\">\u00a0THE TRUST FOR THE AMERICAS\u00a0<\/span>no puede hacerse responsable de la forma en la que estas compa\u00f1\u00edas tratan la protecci\u00f3n de la privacidad y de los datos personales, por lo que le aconsejamos que lea detenidamente las declaraciones de Pol\u00edtica de Privacidad de estas p\u00e1ginas web que no son propiedad de THE TRUST FOR THE AMERICAScon relaci\u00f3n al uso, procesamiento y protecci\u00f3n de datos personales.<\/p><p lang=\"es-es\" xml:lang=\"es-es\" align=\"justify\">Las condiciones que ofrecen estas p\u00e1ginas web pueden no ser las mismas que las que ofrece THE TRUST FOR THE AMERICAS<span lang=\"es-es-u-co-trad\" xml:lang=\"es-es-u-co-trad\">.<\/span><\/p><h5><strong>12. Preguntas<\/strong><\/h5><p lang=\"es-es\" xml:lang=\"es-es\" align=\"justify\">Si tienen alguna pregunta sobre esta Pol\u00edtica de Privacidad o el tratamiento de sus datos rogamos que se ponga en contacto con THE TRUST FOR THE AMERICAS mediante correo electr\u00f3nico dirigido a la siguiente direcci\u00f3n de correo electr\u00f3nico:\u00a0<u><a href=\"mailto:info@trust-oea.org\">info@trust-oea.org<\/a><\/u>\u00a0.<\/p><h5><strong>13. Aceptaci\u00f3n y Consentimiento<\/strong><\/h5><p lang=\"es-es\" xml:lang=\"es-es\" align=\"justify\"><span lang=\"es-es-u-co-trad\" xml:lang=\"es-es-u-co-trad\">El Usuario declara haber sido informado de las condiciones sobre protecci\u00f3n de datos personales, aceptando y consintiendo el tratamiento de estos por parte de<\/span><span lang=\"es-es-u-co-trad\" xml:lang=\"es-es-u-co-trad\">\u00a0THE TRUST FOR THE AMERICAS,<\/span><span lang=\"es-es-u-co-trad\" xml:lang=\"es-es-u-co-trad\">\u00a0en la forma y para las finalidades indicadas en la presente Pol\u00edtica de Privacidad.<\/span><\/p>\t\t\t\t\t\t\t\t<\/div>\n\t\t\t\t<\/div>\n\t\t\t\t\t<\/div>\n\t\t\t\t<\/div>\n\t\t\t\t<\/div>","protected":false},"excerpt":{"rendered":"<p>Pol\u00edticas de Privacidad 1. Responsable del tratamiento de datos. El responsable del tratamiento de datos personales es THE TRUST FOR THE AMERICAS ORGANIZACI\u00d3N, una organizaci\u00f3n sin fines de lucro constituida bajo la secci\u00f3n 501 (c)(3) del C\u00f3digo de Impuestos de los Estados Unidos de Am\u00e9rica, entidad afiliada a la Organizaci\u00f3n de los Estados Americanos (OEA), cuyas oficinas est\u00e1n ubicadas en 1889 F Street NW, Washington DC 20006 Estados Unidos de Am\u00e9rica, en adelante, \u201cTHE TRUST FOR THE AMERICAS\u201d. Las presentes Pol\u00edticas de Privacidad describen las formas en que recopilamos, usamos y compartimos la informaci\u00f3n personal que nos proporcionan los Usuarios a trav\u00e9s del presente sitio web\u00a0(en adelante, \u201cel\u00a0Sitio Web\u201d)\u00a0o que de otro modo recopilamos o recibimos. Tambi\u00e9n establece c\u00f3mo almacenamos y protegemos dicha informaci\u00f3n y describe derechos de los Usuarios con respecto a la informaci\u00f3n personal. El\u00a0acceso y\/o uso del Sitio Web atribuye la condici\u00f3n de Usuario (en adelante, el &#8220;Usuario&#8221;) e implica la aceptaci\u00f3n, desde dicho acceso y\/o uso, de la presente Pol\u00edtica\u00a0de Privacidad. El Usuario podr\u00e1 contactar con\u00a0THE TRUST FOR THE AMERICAS\u00a0en la siguiente direcci\u00f3n de correo electr\u00f3nico:\u00a0info@trust-oea.org. 2. Informaci\u00f3n personal que recopilamos y c\u00f3mo la obtenemos La &#8221;\u00a0informaci\u00f3n personal\u00a0&#8221; es cualquier informaci\u00f3n que se puede utilizar para identificar a entidades, colabores o usuarios de dichas entidades (en conjunto denominados como los \u201cUsuarios\u201d) pudiendo incluir: Informaci\u00f3n que nos proporcionan.\u00a0 Procesaremos la informaci\u00f3n personal, incluso en las siguientes circunstancias: Cuando las organizaciones sin fines de lucro contraten con nosotros brindar\u00e1n su propia informaci\u00f3n y ciertos datos personales de los asociados que utilizar\u00e1n nuestros servicios y cursos. La informaci\u00f3n personal puede incluir nombre de la organizaci\u00f3n, direcci\u00f3n, tel\u00e9fono, nombre de sus integrantes, nombre de sus representantes legales, documentaci\u00f3n legal, as\u00ed como el nombre completo, documento de identidad, n\u00famero de tel\u00e9fono, direcci\u00f3n de correo electr\u00f3nico de los asociados a dicha organizaci\u00f3n que accedan a nuestros cursos y\/o servicios. Cuando un voluntario solicita o acepta un puesto o voluntariado con nosotros, brindando datos como nombre completo, fecha de nacimiento, nacionalidad, educaci\u00f3n y detalles de calificaci\u00f3n, g\u00e9nero, curr\u00edculum, detalles del pasaporte, estado civil, domicilio, n\u00famero de tel\u00e9fono particular, y otros detalles establecidos en su solicitud. Informaci\u00f3n que de otro modo recopilamos o generamos.\u00a0 Es posible que recopilaremos informaci\u00f3n cuando los Usuarios interact\u00faan en nuestro Sitio Web.\u00a0Utilizamos varias tecnolog\u00edas para recopilar y almacenar informaci\u00f3n, tales como el tipo de dispositivo utilizado para acceder a nuestro Sitio Web, la direcci\u00f3n IP y ubicaci\u00f3n geogr\u00e1fica, el sistema operativo y la versi\u00f3n del dispositivo, el tipo de navegador, el contenido que ven y los t\u00e9rminos de b\u00fasqueda que ingresan en nuestro Sitio Web. Informaci\u00f3n que obtenemos de terceros.\u00a0 Podemos solicitar o recibir informaci\u00f3n personal de terceros en ciertas circunstancias, que incluyen el nombre completo, documento de identidad, nacionalidad, tel\u00e9fono, correo electr\u00f3nico de los usuarios de las entidades sin fines de lucro que contratan con nosotros. 3. Legitimaci\u00f3n para llevar a cabo el tratamiento de datos. THE TRUST FOR THE AMERICAS est\u00e1 legitimada para tratar tus datos para poder llevar a cabo los objetivos dispuestos en El Sitio Web. La informaci\u00f3n personal se conserva de forma segura y se trata con el m\u00e1ximo cuidado. 4. Finalidades del tratamiento de datos de car\u00e1cter personal por parte de\u00a0THE TRUST FOR THE AMERICAS. Los datos de car\u00e1cter personal recabados por\u00a0THE TRUST FOR THE AMERICAS\u00a0podr\u00e1n ser utilizados para las siguientes finalidades: (i) La prestaci\u00f3n de las propuestas de voluntariados, e-learnings, donaciones y programas ofrecidos a trav\u00e9s de El Sitio Web. (ii) Realizar y difundir estudios anal\u00edticos y m\u00e9tricas relacionados con los beneficiarios de los entrenamientos y cursos y con la utilidad de estos. (iii) Compartir en medios de comunicaci\u00f3n y redes sociales historias an\u00f3nimas de \u00e9xito con la comunidad de THE TRUST FOR THE AMERICAS. En el caso que dichas historias no sean an\u00f3nimas pediremos el consentimiento espec\u00edfico para el caso en concreto. (iv) El env\u00edo de comunicaciones por parte de THE TRUST FOR THE AMERICAS. (v) realizar estad\u00edsticas que dan cuenta de la labor realizada tanto por los socios locales como por THE TRUST FOR THE AMERICAS para dar seguimiento a procesos de capacitaci\u00f3n, e inclusi\u00f3n socioecon\u00f3mica; y (vi) para efectos de monitoreo y evaluaci\u00f3n de indicadores cualitativos y cuantitativos. 5. Cesiones de datos personales a terceros La utilizaci\u00f3n de los servicios del Sitio Web implica el consentimiento para compartir los datos personales en caso de que fuera necesario, con los donantes de THE TRUST FOR THE AMERICAS o con las autoridades a las que THE TRUST FOR THE AMERICAS deba brindar informaci\u00f3n. 6. Veracidad de los datos facilitados por los Usuarios Los Usuarios garantizan que los datos personales facilitados son veraces y se hacen responsables de comunicar a THE TRUST FOR THE AMERICAS cualquier modificaci\u00f3n de estos. Los Usuarios responder\u00e1n, en cualquier caso, de la veracidad de los datos facilitados, reserv\u00e1ndose\u00a0THE TRUST FOR THE AMERICAS\u00a0el derecho a excluir del Sitio Web a todo Usuario que haya brindado datos falsos, sin perjuicio de las dem\u00e1s acciones que procedan conforme a la ley aplicable. 7. Conservaci\u00f3n de los datos Los datos personales proporcionados se conservar\u00e1n por parte de\u00a0THE TRUST FOR THE AMERICAS\u00a0mientras el Usuario no manifieste su intenci\u00f3n de eliminaci\u00f3n de sus Datos Personales por parte de THE TRUST FOR THE AMERICAS. 8. Derechos del Usuario en relaci\u00f3n con sus datos El Usuario tiene derecho a acceder a sus datos personales, solicitar la modificaci\u00f3n de sus datos, solicitar la rectificaci\u00f3n de los datos inexactos, solicitar su supresi\u00f3n, solicitar su portabilidad, no ser objeto de decisiones individuales automatizadas, ejercer su derecho al olvido. Los Usuarios podr\u00e1n ejercitar los derechos de acceso, modificaci\u00f3n, rectificaci\u00f3n, y supresi\u00f3n de sus Datos Personales de conformidad a lo dispuesto a la normativa aplicable comunic\u00e1ndose al correo electr\u00f3nico constituido por THE TRUST FOR THE AMERICAS en las presentes Pol\u00edticas,\u00a0indicando el motivo de su petici\u00f3n y aportando una copia de su Identificaci\u00f3n Personal, o por correo postal a la siguiente direcci\u00f3n: 1889 F Street NW, Washington DC 20006 Estados Unidos de Am\u00e9rica. Sin perjuicio de cualquier otro recurso administrativo o acci\u00f3n judicial, el Usuario tendr\u00e1 derecho a presentar un<\/p>","protected":false},"author":2,"featured_media":0,"parent":0,"menu_order":0,"comment_status":"closed","ping_status":"closed","template":"","meta":{"site-sidebar-layout":"no-sidebar","site-content-layout":"page-builder","ast-site-content-layout":"full-width-container","site-content-style":"default","site-sidebar-style":"default","ast-global-header-display":"","ast-banner-title-visibility":"","ast-main-header-display":"","ast-hfb-above-header-display":"","ast-hfb-below-header-display":"","ast-hfb-mobile-header-display":"","site-post-title":"disabled","ast-breadcrumbs-content":"","ast-featured-img":"disabled","footer-sml-layout":"","ast-disable-related-posts":"","theme-transparent-header-meta":"","adv-header-id-meta":"","stick-header-meta":"","header-above-stick-meta":"","header-main-stick-meta":"","header-below-stick-meta":"","astra-migrate-meta-layouts":"set","ast-page-background-enabled":"default","ast-page-background-meta":{"desktop":{"background-color":"","background-image":"","background-repeat":"repeat","background-position":"center center","background-size":"auto","background-attachment":"scroll","background-type":"","background-media":"","overlay-type":"","overlay-color":"","overlay-opacity":"","overlay-gradient":""},"tablet":{"background-color":"","background-image":"","background-repeat":"repeat","background-position":"center center","background-size":"auto","background-attachment":"scroll","background-type":"","background-media":"","overlay-type":"","overlay-color":"","overlay-opacity":"","overlay-gradient":""},"mobile":{"background-color":"","background-image":"","background-repeat":"repeat","background-position":"center center","background-size":"auto","background-attachment":"scroll","background-type":"","background-media":"","overlay-type":"","overlay-color":"","overlay-opacity":"","overlay-gradient":""}},"ast-content-background-meta":{"desktop":{"background-color":"var(--ast-global-color-5)","background-image":"","background-repeat":"repeat","background-position":"center center","background-size":"auto","background-attachment":"scroll","background-type":"","background-media":"","overlay-type":"","overlay-color":"","overlay-opacity":"","overlay-gradient":""},"tablet":{"background-color":"var(--ast-global-color-5)","background-image":"","background-repeat":"repeat","background-position":"center center","background-size":"auto","background-attachment":"scroll","background-type":"","background-media":"","overlay-type":"","overlay-color":"","overlay-opacity":"","overlay-gradient":""},"mobile":{"background-color":"var(--ast-global-color-5)","background-image":"","background-repeat":"repeat","background-position":"center center","background-size":"auto","background-attachment":"scroll","background-type":"","background-media":"","overlay-type":"","overlay-color":"","overlay-opacity":"","overlay-gradient":""}},"footnotes":""},"class_list":["post-16394","page","type-page","status-publish","hentry"],"_links":{"self":[{"href":"https:\/\/trust-oea.org\/pt\/wp-json\/wp\/v2\/pages\/16394","targetHints":{"allow":["GET"]}}],"collection":[{"href":"https:\/\/trust-oea.org\/pt\/wp-json\/wp\/v2\/pages"}],"about":[{"href":"https:\/\/trust-oea.org\/pt\/wp-json\/wp\/v2\/types\/page"}],"author":[{"embeddable":true,"href":"https:\/\/trust-oea.org\/pt\/wp-json\/wp\/v2\/users\/2"}],"replies":[{"embeddable":true,"href":"https:\/\/trust-oea.org\/pt\/wp-json\/wp\/v2\/comments?post=16394"}],"version-history":[{"count":4,"href":"https:\/\/trust-oea.org\/pt\/wp-json\/wp\/v2\/pages\/16394\/revisions"}],"predecessor-version":[{"id":16398,"href":"https:\/\/trust-oea.org\/pt\/wp-json\/wp\/v2\/pages\/16394\/revisions\/16398"}],"wp:attachment":[{"href":"https:\/\/trust-oea.org\/pt\/wp-json\/wp\/v2\/media?parent=16394"}],"curies":[{"name":"wp","href":"https:\/\/api.w.org\/{rel}","templated":true}]}}