{"id":16386,"date":"2025-11-22T01:36:55","date_gmt":"2025-11-22T01:36:55","guid":{"rendered":"https:\/\/trust-oea.org\/?page_id=16386"},"modified":"2025-11-22T01:38:05","modified_gmt":"2025-11-22T01:38:05","slug":"terminos-y-condiciones","status":"publish","type":"page","link":"https:\/\/trust-oea.org\/en\/terminos-y-condiciones\/","title":{"rendered":"Terms and conditions"},"content":{"rendered":"<div data-elementor-type=\"wp-page\" data-elementor-id=\"16386\" class=\"elementor elementor-16386\">\n\t\t\t\t<div class=\"elementor-element elementor-element-fa4c829 e-flex e-con-boxed wpr-particle-no wpr-jarallax-no wpr-parallax-no wpr-sticky-section-no e-con e-parent\" data-id=\"fa4c829\" data-element_type=\"container\">\n\t\t\t\t\t<div class=\"e-con-inner\">\n\t\t\t\t<div class=\"elementor-element elementor-element-448d0f4 elementor-widget elementor-widget-text-editor\" data-id=\"448d0f4\" data-element_type=\"widget\" data-widget_type=\"text-editor.default\">\n\t\t\t\t<div class=\"elementor-widget-container\">\n\t\t\t\t\t\t\t\t\t<h4>T\u00e9rminos y Condiciones<\/h4><h5>Declaraciones de los Usuarios<\/h5><p lang=\"es-ar\" xml:lang=\"es-ar\" align=\"justify\">Mediante el uso de El Sitio, los Usuarios aceptan los T\u00e9rminos y Condiciones, y declaran bajo juramento tener 18 a\u00f1os o m\u00e1s. Los padres, tutores o responsables de los menores de 18 a\u00f1os que utilicen El Sitio son plena y exclusivamente responsables por el uso de El Sitio por parte de \u00e9stos, incluyendo, y sin limitar, cualquier cargo o costo en que se pueda incurrir como consecuencia de tal uso. Rogamos que quien no est\u00e9 de acuerdo, por alguna raz\u00f3n, en todos y cada uno de los t\u00e9rminos de los presentes T\u00e9rminos y Condiciones, se abstenga de hacer uso de El Sitio.<\/p><h5>Condiciones espec\u00edficas de Interacci\u00f3n con El Sitio<\/h5><p lang=\"es-es\" xml:lang=\"es-es\">THE TRUST FOR THE AMERICAS es una entidad sin fines de lucro afiliada a la Organizaci\u00f3n de los Estados Americanos (OEA) y busca fortalecer las capacidades de los individuos y organizaciones de Am\u00e9rica Latina y el Caribe, a trav\u00e9s de la innovaci\u00f3n, el acceso a la informaci\u00f3n y el desarrollo de habilidades para potenciar sus oportunidades.<\/p><p lang=\"es-es\" xml:lang=\"es-es\" align=\"justify\">En virtud de ello a trav\u00e9s de El Sitio se ofrecen Programas, planes de Donaci\u00f3n en dinero o en especie e informaci\u00f3n general acerca de su misi\u00f3n, as\u00ed como la posibilidad de suscripci\u00f3n como voluntario\/a de la organizaci\u00f3n. Para poder efectivizar alguna de las interacciones que el Usuario pretende con El Sitio, se requiere que el Usuario proporcione ciertos Datos Personales. En dicho momento el Usuario deber\u00e1 brindar informaci\u00f3n veraz, completa y precisa. THE TRUST FOR THE AMERICAS podr\u00e1 solicitar alg\u00fan comprobante o dato adicional a efectos de corroborar los datos personales de los Usuarios de El Sitio. El Usuario es el \u00fanico responsable por los da\u00f1os y perjuicios ocasionados por la provisi\u00f3n de cualquier otro Dato Personal que no le correspondiera. THE TRUST FOR THE AMERICAS\u00a0tiene el derecho a rechazar cualquier solicitud de interacci\u00f3n con El Sitio o cancelar una contrataci\u00f3n y\/o solicitud de voluntariado previamente aceptada, sin que est\u00e9 obligada a comunicar o exponer las razones de su decisi\u00f3n y sin que ello genere alg\u00fan derecho a indemnizaci\u00f3n o resarcimiento.<\/p><h5>Forma de Donaciones<\/h5><p lang=\"es-ar\" xml:lang=\"es-ar\">El Usuario que tenga intenci\u00f3n de efectivizar alg\u00fan tipo de Donaci\u00f3n (en adelante la \u201cDonaci\u00f3n\u201d y\/o \u201cDonaci\u00f3n y\/o Programas\u201d) puede elegir realizar la misma mediante cheque o bien mediante tarjeta de cr\u00e9dito. En caso de elegir la primera, escriba el cheque a nombre de THE TRUST FOR THE AMERICAS 1889 F Street, NW, Washington DC, 20006. En caso de elegir la segunda, realice la donaci\u00f3n con su tarjeta de cr\u00e9dito en<\/p><p lang=\"es-es\" xml:lang=\"es-es\" align=\"justify\"><u>https:\/\/www.oas.org\/cc\/default.aspx?type=donations&amp;store=trust&amp;lang=en.<\/u>\u00a0Las Donaciones se aceptan con car\u00e1cter de donativo irrevocable, por lo que no es posible su cancelaci\u00f3n o devoluci\u00f3n.<\/p><h5>Indemnidad<\/h5><p lang=\"es-ar\" xml:lang=\"es-ar\" align=\"justify\">Los Usuarios mantendr\u00e1n indemne, defender\u00e1n y exonerar\u00e1n a THE TRUST FOR THE AMERICAS de todo da\u00f1o, responsabilidad y costo que pudiera surgir como consecuencia de un reclamo de terceros contra THE TRUST FOR THE AMERICAS y\/o sus directivos y\/o representante y\/o empleado de cualquier cargo, acci\u00f3n o demanda, incluyendo, pero no limit\u00e1ndose a los gastos legales razonables, que resulten de cualquier material que ellos hayan proporcionado a THE TRUST FOR THE AMERICAS mediante cualquier uso indebido de El Sitio que THE TRUST FOR THE AMERICAS provee o en violaci\u00f3n de estos T\u00e9rminos y Condiciones. THE TRUST FOR THE AMERICAS les notificar\u00e1 puntualmente de cualquier demanda, acci\u00f3n o proceso a trav\u00e9s de los datos que ellos mismos hayan suministrado al momento de Interacci\u00f3n con El Sitio que THE TRUST FOR THE AMERICAS ofrece.<\/p><h5>Responsabilidad \u2013 Renuncia<\/h5><p lang=\"es-ar\" xml:lang=\"es-ar\">THE TRUST FOR THE AMERICAS declara que ha adoptado las medidas necesarias que, dentro de sus posibilidades y el estado de la tecnolog\u00eda, permitan el correcto funcionamiento del Sitio Web, as\u00ed como la ausencia de virus y componentes da\u00f1inos. Sin embargo, THE TRUST FOR THE AMERICAS no puede hacerse responsable de:\u00a0(i)\u00a0la continuidad y disponibilidad de los contenidos y Servicios;\u00a0(ii)\u00a0la ausencia de errores en dichos contenidos ni la correcci\u00f3n de cualquier defecto que pudiera ocurrir\u00a0(iii)\u00a0los da\u00f1os o perjuicios que cause cualquier persona que vulnere los sistemas de seguridad de THE TRUST FOR THE AMERICAS.<\/p><p lang=\"es-es\" xml:lang=\"es-es\" align=\"justify\">THE TRUST FOR THE AMERICAS no asume ninguna responsabilidad sobre los enlaces a otras p\u00e1ginas web que se encuentren en el Sitio Web, pudiendo dirigir al Usuario a otros sitios web sobre los que THE TRUST FOR THE AMERICAS no tiene ning\u00fan tipo de control, por lo que la inclusi\u00f3n de v\u00ednculos con otros sitios web no implica la aprobaci\u00f3n de sus contenidos por parte de THE TRUST FOR THE AMERICAS ni la existencia de ning\u00fan tipo de asociaci\u00f3n entre THE TRUST FOR THE AMERICAS y sus titulares. Por ello el Usuario accede bajo su exclusiva responsabilidad al Contenido y en las condiciones de uso que rijan en los mismos.<\/p><p lang=\"es-es\" xml:lang=\"es-es\" align=\"justify\">El uso de Internet y el Sitio implica la asunci\u00f3n de riesgos de da\u00f1os al software y al hardware del usuario. Documentos y archivos pueden contener virus y, como es el caso de cualquier computadora interconectada, la computadora del Usuario puede ser atacada por hackers que podr\u00edan tener acceso a la informaci\u00f3n contenida en la computadora del Usuario, extraerla o da\u00f1arla. El Sitio no se hace responsable de las consecuencias que pudiera acarrear al Usuario la asunci\u00f3n por parte del Usuario de ese riesgo. No se permitir\u00e1 ninguna acci\u00f3n o uso de dispositivo, software, u otro medio tendiente a interferir tanto en las actividades y operatoria de THE TRUST FOR THE AMERICAS como en los cursos, programas, o bases de datos de THE TRUST FOR THE AMERICAS. Cualquier intromisi\u00f3n, tentativa o actividad violatoria o contraria a las leyes sobre derecho de propiedad intelectual y\/o a las prohibiciones estipuladas en el presente har\u00e1n pasible a su responsable de las acciones legales pertinentes, y a las sanciones previstas por este acuerdo, as\u00ed como lo har\u00e1 responsable de indemnizar los da\u00f1os ocasionados.<\/p><h5>Donaciones mediante sitios enlazados<\/h5><p lang=\"es-es\" xml:lang=\"es-es\" align=\"justify\">THE TRUST FOR THE AMERICAS recibe donaciones a trav\u00e9s de sitios web enlazados. En lo que ata\u00f1e a la responsabilidad, se remite al apartado de \u201cResponsabilidad- renuncia\u201d en raz\u00f3n de brevedad.<\/p><h5>Notificaciones<\/h5><p lang=\"es-ar\" xml:lang=\"es-ar\" align=\"justify\">Todas aquellas notificaciones y\/o comunicaciones que deban efectuarse por el uso del Sitio Web deber\u00e1n realizarse por escrito a la cuenta de correo electr\u00f3nico\u00a0<u><a href=\"mailto:info@trust-oea.org\">info@trust-oea.org<\/a><\/u>\u00a0o a su domicilio legal indicado en los presentes T\u00e9rminos y Condiciones.<\/p><h5>Jurisdicci\u00f3n y Ley Aplicable<\/h5><p lang=\"es-ar\" xml:lang=\"es-ar\">Los presentes T\u00e9rminos y Condiciones se encuentran regidos sin excepci\u00f3n y en todos sus puntos por las leyes de NW, Washington D.C. y ser\u00e1n interpretados de acuerdo con ellas. Al usar El Sitio, el Usuario acepta que la ley federal aplicable y las leyes del distrito federal de NW, Washington D.C., sin aplicar los principios de conflicto de leyes, las que regir\u00e1n estas Condiciones de Uso y cualquier disputa de cualquier clase que pudiera derivar entre el Usuario y THE TRUST FOR THE AMERICAS.<\/p><p lang=\"es-ar\" xml:lang=\"es-ar\" align=\"justify\">Ante cualquier diferencia, desacuerdo o conflicto derivado de la interpretaci\u00f3n, validez, alcance y\/o aplicaci\u00f3n de los presentes T\u00e9rminos y Condiciones, los Usuarios se comunicar\u00e1n con THE TRUST FOR THE AMERICAS de manera fehaciente, haci\u00e9ndole llegar su reclamo, para que las partes traten de arribar a un acuerdo. Cualquier disputa o reclamaci\u00f3n relacionada de alguna manera con su uso de cualquier Interacci\u00f3n con El Sitio se resolver\u00e1 en los tribunales de NW, Washington D.C. Cada una de las partes renuncia a cualquier derecho a un juicio con jurado.<\/p><h5>Actualizaci\u00f3n de T\u00e9rminos y Condiciones<\/h5><p lang=\"es-ar\" xml:lang=\"es-ar\" align=\"justify\">THE TRUST FOR THE AMERICAS tendr\u00e1 derecho a modificar los TyC en cualquier momento y sin necesidad de preaviso, sirviendo su publicaci\u00f3n actualizada en El Sitio como notificaci\u00f3n suficiente a los Usuarios.<\/p>\t\t\t\t\t\t\t\t<\/div>\n\t\t\t\t<\/div>\n\t\t\t\t\t<\/div>\n\t\t\t\t<\/div>\n\t\t\t\t<\/div>","protected":false},"excerpt":{"rendered":"<p>T\u00e9rminos y Condiciones Declaraciones de los Usuarios Mediante el uso de El Sitio, los Usuarios aceptan los T\u00e9rminos y Condiciones, y declaran bajo juramento tener 18 a\u00f1os o m\u00e1s. Los padres, tutores o responsables de los menores de 18 a\u00f1os que utilicen El Sitio son plena y exclusivamente responsables por el uso de El Sitio por parte de \u00e9stos, incluyendo, y sin limitar, cualquier cargo o costo en que se pueda incurrir como consecuencia de tal uso. Rogamos que quien no est\u00e9 de acuerdo, por alguna raz\u00f3n, en todos y cada uno de los t\u00e9rminos de los presentes T\u00e9rminos y Condiciones, se abstenga de hacer uso de El Sitio. Condiciones espec\u00edficas de Interacci\u00f3n con El Sitio THE TRUST FOR THE AMERICAS es una entidad sin fines de lucro afiliada a la Organizaci\u00f3n de los Estados Americanos (OEA) y busca fortalecer las capacidades de los individuos y organizaciones de Am\u00e9rica Latina y el Caribe, a trav\u00e9s de la innovaci\u00f3n, el acceso a la informaci\u00f3n y el desarrollo de habilidades para potenciar sus oportunidades. En virtud de ello a trav\u00e9s de El Sitio se ofrecen Programas, planes de Donaci\u00f3n en dinero o en especie e informaci\u00f3n general acerca de su misi\u00f3n, as\u00ed como la posibilidad de suscripci\u00f3n como voluntario\/a de la organizaci\u00f3n. Para poder efectivizar alguna de las interacciones que el Usuario pretende con El Sitio, se requiere que el Usuario proporcione ciertos Datos Personales. En dicho momento el Usuario deber\u00e1 brindar informaci\u00f3n veraz, completa y precisa. THE TRUST FOR THE AMERICAS podr\u00e1 solicitar alg\u00fan comprobante o dato adicional a efectos de corroborar los datos personales de los Usuarios de El Sitio. El Usuario es el \u00fanico responsable por los da\u00f1os y perjuicios ocasionados por la provisi\u00f3n de cualquier otro Dato Personal que no le correspondiera. THE TRUST FOR THE AMERICAS\u00a0tiene el derecho a rechazar cualquier solicitud de interacci\u00f3n con El Sitio o cancelar una contrataci\u00f3n y\/o solicitud de voluntariado previamente aceptada, sin que est\u00e9 obligada a comunicar o exponer las razones de su decisi\u00f3n y sin que ello genere alg\u00fan derecho a indemnizaci\u00f3n o resarcimiento. Forma de Donaciones El Usuario que tenga intenci\u00f3n de efectivizar alg\u00fan tipo de Donaci\u00f3n (en adelante la \u201cDonaci\u00f3n\u201d y\/o \u201cDonaci\u00f3n y\/o Programas\u201d) puede elegir realizar la misma mediante cheque o bien mediante tarjeta de cr\u00e9dito. En caso de elegir la primera, escriba el cheque a nombre de THE TRUST FOR THE AMERICAS 1889 F Street, NW, Washington DC, 20006. En caso de elegir la segunda, realice la donaci\u00f3n con su tarjeta de cr\u00e9dito en https:\/\/www.oas.org\/cc\/default.aspx?type=donations&amp;store=trust&amp;lang=en.\u00a0Las Donaciones se aceptan con car\u00e1cter de donativo irrevocable, por lo que no es posible su cancelaci\u00f3n o devoluci\u00f3n. Indemnidad Los Usuarios mantendr\u00e1n indemne, defender\u00e1n y exonerar\u00e1n a THE TRUST FOR THE AMERICAS de todo da\u00f1o, responsabilidad y costo que pudiera surgir como consecuencia de un reclamo de terceros contra THE TRUST FOR THE AMERICAS y\/o sus directivos y\/o representante y\/o empleado de cualquier cargo, acci\u00f3n o demanda, incluyendo, pero no limit\u00e1ndose a los gastos legales razonables, que resulten de cualquier material que ellos hayan proporcionado a THE TRUST FOR THE AMERICAS mediante cualquier uso indebido de El Sitio que THE TRUST FOR THE AMERICAS provee o en violaci\u00f3n de estos T\u00e9rminos y Condiciones. THE TRUST FOR THE AMERICAS les notificar\u00e1 puntualmente de cualquier demanda, acci\u00f3n o proceso a trav\u00e9s de los datos que ellos mismos hayan suministrado al momento de Interacci\u00f3n con El Sitio que THE TRUST FOR THE AMERICAS ofrece. Responsabilidad \u2013 Renuncia THE TRUST FOR THE AMERICAS declara que ha adoptado las medidas necesarias que, dentro de sus posibilidades y el estado de la tecnolog\u00eda, permitan el correcto funcionamiento del Sitio Web, as\u00ed como la ausencia de virus y componentes da\u00f1inos. Sin embargo, THE TRUST FOR THE AMERICAS no puede hacerse responsable de:\u00a0(i)\u00a0la continuidad y disponibilidad de los contenidos y Servicios;\u00a0(ii)\u00a0la ausencia de errores en dichos contenidos ni la correcci\u00f3n de cualquier defecto que pudiera ocurrir\u00a0(iii)\u00a0los da\u00f1os o perjuicios que cause cualquier persona que vulnere los sistemas de seguridad de THE TRUST FOR THE AMERICAS. THE TRUST FOR THE AMERICAS no asume ninguna responsabilidad sobre los enlaces a otras p\u00e1ginas web que se encuentren en el Sitio Web, pudiendo dirigir al Usuario a otros sitios web sobre los que THE TRUST FOR THE AMERICAS no tiene ning\u00fan tipo de control, por lo que la inclusi\u00f3n de v\u00ednculos con otros sitios web no implica la aprobaci\u00f3n de sus contenidos por parte de THE TRUST FOR THE AMERICAS ni la existencia de ning\u00fan tipo de asociaci\u00f3n entre THE TRUST FOR THE AMERICAS y sus titulares. Por ello el Usuario accede bajo su exclusiva responsabilidad al Contenido y en las condiciones de uso que rijan en los mismos. El uso de Internet y el Sitio implica la asunci\u00f3n de riesgos de da\u00f1os al software y al hardware del usuario. Documentos y archivos pueden contener virus y, como es el caso de cualquier computadora interconectada, la computadora del Usuario puede ser atacada por hackers que podr\u00edan tener acceso a la informaci\u00f3n contenida en la computadora del Usuario, extraerla o da\u00f1arla. El Sitio no se hace responsable de las consecuencias que pudiera acarrear al Usuario la asunci\u00f3n por parte del Usuario de ese riesgo. No se permitir\u00e1 ninguna acci\u00f3n o uso de dispositivo, software, u otro medio tendiente a interferir tanto en las actividades y operatoria de THE TRUST FOR THE AMERICAS como en los cursos, programas, o bases de datos de THE TRUST FOR THE AMERICAS. Cualquier intromisi\u00f3n, tentativa o actividad violatoria o contraria a las leyes sobre derecho de propiedad intelectual y\/o a las prohibiciones estipuladas en el presente har\u00e1n pasible a su responsable de las acciones legales pertinentes, y a las sanciones previstas por este acuerdo, as\u00ed como lo har\u00e1 responsable de indemnizar los da\u00f1os ocasionados. Donaciones mediante sitios enlazados THE TRUST FOR THE AMERICAS recibe donaciones a trav\u00e9s de sitios web enlazados. En lo que ata\u00f1e a la responsabilidad, se remite al apartado de \u201cResponsabilidad- renuncia\u201d en raz\u00f3n de brevedad. Notificaciones Todas aquellas notificaciones y\/o comunicaciones que deban efectuarse<\/p>","protected":false},"author":2,"featured_media":0,"parent":0,"menu_order":0,"comment_status":"closed","ping_status":"closed","template":"","meta":{"site-sidebar-layout":"no-sidebar","site-content-layout":"page-builder","ast-site-content-layout":"full-width-container","site-content-style":"default","site-sidebar-style":"default","ast-global-header-display":"","ast-banner-title-visibility":"","ast-main-header-display":"","ast-hfb-above-header-display":"","ast-hfb-below-header-display":"","ast-hfb-mobile-header-display":"","site-post-title":"disabled","ast-breadcrumbs-content":"","ast-featured-img":"disabled","footer-sml-layout":"","ast-disable-related-posts":"","theme-transparent-header-meta":"","adv-header-id-meta":"","stick-header-meta":"","header-above-stick-meta":"","header-main-stick-meta":"","header-below-stick-meta":"","astra-migrate-meta-layouts":"set","ast-page-background-enabled":"default","ast-page-background-meta":{"desktop":{"background-color":"","background-image":"","background-repeat":"repeat","background-position":"center center","background-size":"auto","background-attachment":"scroll","background-type":"","background-media":"","overlay-type":"","overlay-color":"","overlay-opacity":"","overlay-gradient":""},"tablet":{"background-color":"","background-image":"","background-repeat":"repeat","background-position":"center center","background-size":"auto","background-attachment":"scroll","background-type":"","background-media":"","overlay-type":"","overlay-color":"","overlay-opacity":"","overlay-gradient":""},"mobile":{"background-color":"","background-image":"","background-repeat":"repeat","background-position":"center center","background-size":"auto","background-attachment":"scroll","background-type":"","background-media":"","overlay-type":"","overlay-color":"","overlay-opacity":"","overlay-gradient":""}},"ast-content-background-meta":{"desktop":{"background-color":"var(--ast-global-color-5)","background-image":"","background-repeat":"repeat","background-position":"center center","background-size":"auto","background-attachment":"scroll","background-type":"","background-media":"","overlay-type":"","overlay-color":"","overlay-opacity":"","overlay-gradient":""},"tablet":{"background-color":"var(--ast-global-color-5)","background-image":"","background-repeat":"repeat","background-position":"center center","background-size":"auto","background-attachment":"scroll","background-type":"","background-media":"","overlay-type":"","overlay-color":"","overlay-opacity":"","overlay-gradient":""},"mobile":{"background-color":"var(--ast-global-color-5)","background-image":"","background-repeat":"repeat","background-position":"center center","background-size":"auto","background-attachment":"scroll","background-type":"","background-media":"","overlay-type":"","overlay-color":"","overlay-opacity":"","overlay-gradient":""}},"footnotes":""},"class_list":["post-16386","page","type-page","status-publish","hentry"],"_links":{"self":[{"href":"https:\/\/trust-oea.org\/en\/wp-json\/wp\/v2\/pages\/16386","targetHints":{"allow":["GET"]}}],"collection":[{"href":"https:\/\/trust-oea.org\/en\/wp-json\/wp\/v2\/pages"}],"about":[{"href":"https:\/\/trust-oea.org\/en\/wp-json\/wp\/v2\/types\/page"}],"author":[{"embeddable":true,"href":"https:\/\/trust-oea.org\/en\/wp-json\/wp\/v2\/users\/2"}],"replies":[{"embeddable":true,"href":"https:\/\/trust-oea.org\/en\/wp-json\/wp\/v2\/comments?post=16386"}],"version-history":[{"count":7,"href":"https:\/\/trust-oea.org\/en\/wp-json\/wp\/v2\/pages\/16386\/revisions"}],"predecessor-version":[{"id":16393,"href":"https:\/\/trust-oea.org\/en\/wp-json\/wp\/v2\/pages\/16386\/revisions\/16393"}],"wp:attachment":[{"href":"https:\/\/trust-oea.org\/en\/wp-json\/wp\/v2\/media?parent=16386"}],"curies":[{"name":"wp","href":"https:\/\/api.w.org\/{rel}","templated":true}]}}